{"id":2199,"date":"2024-10-28T12:51:54","date_gmt":"2024-10-28T09:51:54","guid":{"rendered":"https:\/\/drtolgacakil.com\/yenisite\/cakil-clinic\/"},"modified":"2024-11-12T16:56:39","modified_gmt":"2024-11-12T13:56:39","slug":"cakil-klinik","status":"publish","type":"page","link":"https:\/\/drtolgacakil.com\/de\/cakil-klinik\/","title":{"rendered":"\u00c7ak\u0131l Klinik"},"content":{"rendered":"[vc_row type=&#8220;full_width_background&#8220; full_screen_row_position=&#8220;middle&#8220; column_margin=&#8220;90px&#8220; equal_height=&#8220;yes&#8220; content_placement=&#8220;middle&#8220; column_direction=&#8220;default&#8220; column_direction_tablet=&#8220;column_reverse&#8220; column_direction_phone=&#8220;column_reverse&#8220; bg_color=&#8220;#ffffff&#8220; scene_position=&#8220;center&#8220; top_padding=&#8220;6%&#8220; bottom_padding=&#8220;2%&#8220; top_padding_tablet=&#8220;8%&#8220; bottom_padding_tablet=&#8220;8%&#8220; text_color=&#8220;dark&#8220; text_align=&#8220;left&#8220; row_border_radius=&#8220;none&#8220; row_border_radius_applies=&#8220;bg&#8220; overflow=&#8220;visible&#8220; id=&#8220;home&#8220; overlay_strength=&#8220;0.5&#8243; gradient_direction=&#8220;top_to_bottom&#8220; shape_divider_position=&#8220;bottom&#8220; bg_image_animation=&#8220;none&#8220; shape_type=&#8220;straight_section&#8220;][vc_column column_padding=&#8220;no-extra-padding&#8220; column_padding_tablet=&#8220;inherit&#8220; column_padding_phone=&#8220;inherit&#8220; column_padding_position=&#8220;all&#8220; column_element_direction_desktop=&#8220;default&#8220; column_element_spacing=&#8220;default&#8220; desktop_text_alignment=&#8220;default&#8220; tablet_text_alignment=&#8220;default&#8220; phone_text_alignment=&#8220;default&#8220; background_color_opacity=&#8220;1&#8243; background_hover_color_opacity=&#8220;1&#8243; column_backdrop_filter=&#8220;none&#8220; column_shadow=&#8220;none&#8220; column_border_radius=&#8220;none&#8220; column_link_target=&#8220;_self&#8220; column_position=&#8220;default&#8220; gradient_direction=&#8220;left_to_right&#8220; overlay_strength=&#8220;0.5&#8243; width=&#8220;1\/2&#8243; tablet_width_inherit=&#8220;default&#8220; animation_type=&#8220;default&#8220; bg_image_animation=&#8220;none&#8220; border_type=&#8220;simple&#8220; column_border_width=&#8220;none&#8220; column_border_style=&#8220;solid&#8220; offset=&#8220;vc_col-xs-12&#8243;][vc_row_inner column_margin=&#8220;default&#8220; column_direction=&#8220;default&#8220; column_direction_tablet=&#8220;default&#8220; column_direction_phone=&#8220;default&#8220; text_align=&#8220;left&#8220; row_position=&#8220;default&#8220; row_position_tablet=&#8220;inherit&#8220; row_position_phone=&#8220;inherit&#8220; overflow=&#8220;visible&#8220; pointer_events=&#8220;all&#8220;][vc_column_inner column_padding=&#8220;no-extra-padding&#8220; column_padding_tablet=&#8220;inherit&#8220; column_padding_phone=&#8220;inherit&#8220; column_padding_position=&#8220;all&#8220; column_element_direction_desktop=&#8220;default&#8220; column_element_spacing=&#8220;default&#8220; desktop_text_alignment=&#8220;default&#8220; tablet_text_alignment=&#8220;default&#8220; phone_text_alignment=&#8220;default&#8220; background_color_opacity=&#8220;1&#8243; background_hover_color_opacity=&#8220;1&#8243; background_image=&#8220;308&#8243; background_image_position=&#8220;center center&#8220; background_image_stacking=&#8220;default&#8220; enable_bg_scale=&#8220;true&#8220; background_image_loading=&#8220;default&#8220; column_backdrop_filter=&#8220;none&#8220; column_shadow=&#8220;none&#8220; column_border_radius=&#8220;none&#8220; column_link_target=&#8220;_self&#8220; overflow=&#8220;visible&#8220; gradient_direction=&#8220;left_to_right&#8220; overlay_strength=&#8220;0.5&#8243; width=&#8220;1\/1&#8243; tablet_width_inherit=&#8220;default&#8220; animation_type=&#8220;default&#8220; bg_image_animation=&#8220;none&#8220; parallax_bg=&#8220;true&#8220; parallax_bg_speed=&#8220;fast&#8220; border_type=&#8220;simple&#8220; column_border_width=&#8220;none&#8220; column_border_style=&#8220;solid&#8220; column_padding_type=&#8220;default&#8220; gradient_type=&#8220;default&#8220;][divider line_type=&#8220;No Line&#8220; custom_height=&#8220;75vh&#8220; custom_height_tablet=&#8220;40vh&#8220; custom_height_phone=&#8220;300px&#8220;][\/vc_column_inner][\/vc_row_inner][\/vc_column][vc_column column_padding=&#8220;padding-4-percent&#8220; column_padding_tablet=&#8220;no-extra-padding&#8220; column_padding_phone=&#8220;no-extra-padding&#8220; column_padding_position=&#8220;right&#8220; column_element_direction_desktop=&#8220;default&#8220; column_element_spacing=&#8220;10px&#8220; desktop_text_alignment=&#8220;default&#8220; tablet_text_alignment=&#8220;default&#8220; phone_text_alignment=&#8220;default&#8220; background_color_opacity=&#8220;1&#8243; background_hover_color_opacity=&#8220;1&#8243; column_backdrop_filter=&#8220;none&#8220; column_shadow=&#8220;none&#8220; column_border_radius=&#8220;none&#8220; column_link_target=&#8220;_self&#8220; column_position=&#8220;default&#8220; zindex=&#8220;100&#8243; gradient_direction=&#8220;left_t_to_right_b&#8220; overlay_strength=&#8220;0.3&#8243; width=&#8220;1\/2&#8243; tablet_width_inherit=&#8220;default&#8220; animation_type=&#8220;default&#8220; bg_image_animation=&#8220;none&#8220; border_type=&#8220;simple&#8220; column_border_width=&#8220;none&#8220; column_border_style=&#8220;solid&#8220; offset=&#8220;vc_col-xs-12&#8243;][vc_row_inner column_margin=&#8220;default&#8220; column_direction=&#8220;default&#8220; column_direction_tablet=&#8220;default&#8220; column_direction_phone=&#8220;default&#8220; text_align=&#8220;left&#8220; row_position=&#8220;default&#8220; row_position_tablet=&#8220;inherit&#8220; row_position_phone=&#8220;inherit&#8220; overflow=&#8220;visible&#8220; pointer_events=&#8220;all&#8220; min_width=&#8220;47vh&#8220;][vc_column_inner column_padding=&#8220;no-extra-padding&#8220; column_padding_tablet=&#8220;inherit&#8220; column_padding_phone=&#8220;inherit&#8220; column_padding_position=&#8220;all&#8220; column_element_direction_desktop=&#8220;default&#8220; column_element_spacing=&#8220;5px&#8220; desktop_text_alignment=&#8220;default&#8220; tablet_text_alignment=&#8220;default&#8220; phone_text_alignment=&#8220;default&#8220; background_color_opacity=&#8220;1&#8243; background_hover_color_opacity=&#8220;1&#8243; column_backdrop_filter=&#8220;none&#8220; column_shadow=&#8220;none&#8220; column_border_radius=&#8220;none&#8220; column_link_target=&#8220;_self&#8220; overflow=&#8220;visible&#8220; gradient_direction=&#8220;left_to_right&#8220; overlay_strength=&#8220;0.3&#8243; width=&#8220;1\/1&#8243; tablet_width_inherit=&#8220;default&#8220; animation_type=&#8220;default&#8220; enable_animation=&#8220;true&#8220; animation=&#8220;fade-in-from-bottom&#8220; animation_easing=&#8220;default&#8220; bg_image_animation=&#8220;none&#8220; border_type=&#8220;simple&#8220; column_border_width=&#8220;none&#8220; column_border_style=&#8220;solid&#8220; enable_border_animation=&#8220;true&#8220;][split_line_heading animation_type=&#8220;line-reveal-by-space&#8220; font_style=&#8220;h2&#8243; line_reveal_by_space_text_effect=&#8220;default&#8220; content_alignment=&#8220;default&#8220; mobile_content_alignment=&#8220;inherit&#8220; link_target=&#8220;_self&#8220; text_content=&#8220;\u00c7ak\u0131l Klinik&#8220; max_width=&#8220;450&#8243; text_direction=&#8220;default&#8220;][\/split_line_heading][\/vc_column_inner][\/vc_row_inner][vc_row_inner column_margin=&#8220;default&#8220; column_direction=&#8220;default&#8220; column_direction_tablet=&#8220;default&#8220; column_direction_phone=&#8220;default&#8220; text_align=&#8220;left&#8220; row_position=&#8220;default&#8220; row_position_tablet=&#8220;inherit&#8220; row_position_phone=&#8220;inherit&#8220; overflow=&#8220;visible&#8220; pointer_events=&#8220;all&#8220; min_width=&#8220;47vh&#8220;][vc_column_inner column_padding=&#8220;no-extra-padding&#8220; column_padding_tablet=&#8220;inherit&#8220; column_padding_phone=&#8220;inherit&#8220; column_padding_position=&#8220;all&#8220; column_element_direction_desktop=&#8220;default&#8220; column_element_spacing=&#8220;5px&#8220; desktop_text_alignment=&#8220;default&#8220; tablet_text_alignment=&#8220;default&#8220; phone_text_alignment=&#8220;default&#8220; background_color_opacity=&#8220;1&#8243; background_hover_color_opacity=&#8220;1&#8243; column_backdrop_filter=&#8220;none&#8220; column_shadow=&#8220;none&#8220; column_border_radius=&#8220;none&#8220; column_link_target=&#8220;_self&#8220; overflow=&#8220;visible&#8220; gradient_direction=&#8220;left_to_right&#8220; overlay_strength=&#8220;0.3&#8243; width=&#8220;1\/1&#8243; tablet_width_inherit=&#8220;default&#8220; animation_type=&#8220;default&#8220; enable_animation=&#8220;true&#8220; animation=&#8220;fade-in-from-bottom&#8220; animation_easing=&#8220;default&#8220; bg_image_animation=&#8220;none&#8220; border_type=&#8220;simple&#8220; column_border_width=&#8220;none&#8220; column_border_style=&#8220;solid&#8220; enable_border_animation=&#8220;true&#8220;][vc_column_text css=&#8220;&#8220; max_width=&#8220;500&#8243; text_direction=&#8220;default&#8220;]In der \u00c7ak\u0131l Klinik arbeiten wir als \u00fcberlegenes Team mit unserem Chefchirurgen, dem Triple European Board-Certified HNO-Chirurgen Dr. Tolga \u00c7ak\u0131l. Sein Wissen und seine F\u00e4higkeiten haben Dr. \u00c7ak\u0131l an die Spitze der \u00e4sthetischen Chirurgie gebracht, wo sein Ansatz einer ist, der Pr\u00e4zision als geschickter Chirurg mit der F\u00e4higkeit des Sehens verbindet, fast wie ein K\u00fcnstler. Jede der Behandlungen in der \u00c7ak\u0131l-Klinik ist so konzipiert, dass sie auf die besonderen Bed\u00fcrfnisse des Patienten zugeschnitten ist und das Versprechen von Dr. \u00c7ak\u0131l f\u00fcr hochgradig individuelle und nat\u00fcrliche Ergebnisse erf\u00fcllt.<\/p>\n<p>Die Triple-Board-Zertifizierung von Dr. \u00c7ak\u0131l spricht f\u00fcr seine umfassende Qualifikation, Erfahrung und Exzellenz in der chirurgischen und nicht-chirurgischen \u00c4sthetik. Durch sein Verst\u00e4ndnis der tiefen Anatomie und \u00c4sthetik des Gesichts leitet er unser Team bei der Entwicklung eines personalisierten Behandlungsplans, der die Gesichtsz\u00fcge und die nat\u00fcrliche Sch\u00f6nheit jedes Patienten nicht nur verbessert, sondern auch respektiert. Er tut dies mit einem sehr detaillierten Beratungsprozess, bei dem Dr. \u00c7ak\u0131l und unser Team Wert darauf legen, die W\u00fcnsche jedes Patienten zu verstehen. Dies wiederum hilft uns, L\u00f6sungen anzubieten, die auf ihre Unterst\u00fctzung bei der Erreichung ihres idealen Selbst zugeschnitten sind.[\/vc_column_text][\/vc_column_inner][\/vc_row_inner][\/vc_column][vc_column column_padding=&#8220;no-extra-padding&#8220; column_padding_tablet=&#8220;inherit&#8220; column_padding_phone=&#8220;inherit&#8220; column_padding_position=&#8220;all&#8220; top_margin=&#8220;1%&#8220; column_element_direction_desktop=&#8220;default&#8220; column_element_spacing=&#8220;default&#8220; desktop_text_alignment=&#8220;default&#8220; tablet_text_alignment=&#8220;default&#8220; phone_text_alignment=&#8220;default&#8220; background_color_opacity=&#8220;1&#8243; background_hover_color_opacity=&#8220;1&#8243; column_backdrop_filter=&#8220;none&#8220; column_shadow=&#8220;none&#8220; column_border_radius=&#8220;none&#8220; column_link_target=&#8220;_self&#8220; column_position=&#8220;default&#8220; gradient_direction=&#8220;left_to_right&#8220; overlay_strength=&#8220;0.3&#8243; width=&#8220;1\/1&#8243; tablet_width_inherit=&#8220;default&#8220; animation_type=&#8220;default&#8220; bg_image_animation=&#8220;none&#8220; border_type=&#8220;simple&#8220; column_border_width=&#8220;none&#8220; column_border_style=&#8220;solid&#8220; column_padding_type=&#8220;default&#8220; gradient_type=&#8220;default&#8220;][vc_gallery css=&#8220;&#8220; type=&#8220;flickity_static_height_style&#8220; images=&#8220;308,307,312,310,309,311,306&#8243; flickity_spacing=&#8220;default&#8220; flickity_controls=&#8220;next_prev_arrows_overlaid&#8220; flickity_overflow=&#8220;hidden&#8220; flickity_wrap_around=&#8220;wrap&#8220; flickity_box_shadow=&#8220;none&#8220; image_loading=&#8220;default&#8220; onclick=&#8220;link_no&#8220;][\/vc_column][vc_column column_padding=&#8220;padding-3-percent&#8220; column_padding_tablet=&#8220;inherit&#8220; column_padding_phone=&#8220;inherit&#8220; column_padding_position=&#8220;top-bottom&#8220; column_element_direction_desktop=&#8220;default&#8220; column_element_spacing=&#8220;default&#8220; desktop_text_alignment=&#8220;default&#8220; tablet_text_alignment=&#8220;default&#8220; phone_text_alignment=&#8220;default&#8220; background_color_opacity=&#8220;1&#8243; background_hover_color_opacity=&#8220;1&#8243; column_backdrop_filter=&#8220;none&#8220; column_shadow=&#8220;none&#8220; column_border_radius=&#8220;none&#8220; column_link_target=&#8220;_self&#8220; column_position=&#8220;default&#8220; gradient_direction=&#8220;left_to_right&#8220; overlay_strength=&#8220;0.3&#8243; width=&#8220;1\/1&#8243; tablet_width_inherit=&#8220;default&#8220; animation_type=&#8220;default&#8220; bg_image_animation=&#8220;none&#8220; border_type=&#8220;simple&#8220; column_border_width=&#8220;none&#8220; column_border_style=&#8220;solid&#8220; column_padding_type=&#8220;default&#8220; gradient_type=&#8220;default&#8220;][vc_column_text css=&#8220;&#8220; text_direction=&#8220;default&#8220;]Unsere Klinik erf\u00fcllt die h\u00f6chsten Standards f\u00fcr Sicherheit und Erfolg. In unseren gut ausgestatteten Operationss\u00e4len, die mit der neuesten Technologie ausgestattet sind, wenden wir strenge Sicherheitsstandards an, damit jeder Eingriff unserem strengen Protokoll und den Erwartungen der Patienten entspricht. Dr. \u00c7ak\u0131l liefert mit seinen fortschrittlichen Techniken, die durch jahrelange Erfahrung verfeinert wurden, nicht nur sch\u00f6ne und nat\u00fcrliche, sondern auch lang anhaltende Ergebnisse, die es den Patienten erm\u00f6glichen, sich selbstbewusst und erneuert zu f\u00fchlen.<\/p>\n<p>Qualit\u00e4t und Vertrauen sind die Basis unserer Praxis. Unsere Schritte, die von Anfang an transparent waren, basierten in der \u00c7ak\u0131l Klinik auf einem patientenorientierten Ansatz, von der Beratung bis zur postoperativen Betreuung. Dr. \u00c7ak\u0131l erkl\u00e4rte, dass jedes Detail unserer Arbeit sein Engagement f\u00fcr hervorragende Ergebnisse zeige &#8211; ein Engagement, das eine Atmosph\u00e4re der Integrit\u00e4t und des Respekts schaffe. Wir glauben, dass \u00e4sthetische Transformationen erhebend sein sollten, genauso wie sie transformativ sind.<\/p>\n<p>In der \u00c7ak\u0131l Klinik sind wir hier, um mehr zu tun, als nur das \u00c4u\u00dfere zu verfeinern. Unter der Leitung von Dr. Tolga \u00c7ak\u0131l versuchen wir, das Selbstvertrauen und die Lebensqualit\u00e4t jedes Patienten zu verbessern. Unsere Mission ist es, nat\u00fcrliche, anspruchsvolle Ergebnisse zu erzielen, die mit dem Selbstbewusstsein unserer Patienten in Resonanz stehen und ihnen so eine selbstbewusstere Erneuerung der Zufriedenheit erm\u00f6glichen.[\/vc_column_text][\/vc_column][\/vc_row]\n","protected":false},"excerpt":{"rendered":"<p>[vc_row type=&#8220;full_width_background&#8220; full_screen_row_position=&#8220;middle&#8220; column_margin=&#8220;90px&#8220; equal_height=&#8220;yes&#8220; content_placement=&#8220;middle&#8220; column_direction=&#8220;default&#8220; column_direction_tablet=&#8220;column_reverse&#8220; column_direction_phone=&#8220;column_reverse&#8220; bg_color=&#8220;#ffffff&#8220; scene_position=&#8220;center&#8220; top_padding=&#8220;6%&#8220; bottom_padding=&#8220;2%&#8220; top_padding_tablet=&#8220;8%&#8220; bottom_padding_tablet=&#8220;8%&#8220; text_color=&#8220;dark&#8220; text_align=&#8220;left&#8220; row_border_radius=&#8220;none&#8220; row_border_radius_applies=&#8220;bg&#8220; overflow=&#8220;visible&#8220; id=&#8220;home&#8220; overlay_strength=&#8220;0.5&#8243; gradient_direction=&#8220;top_to_bottom&#8220; shape_divider_position=&#8220;bottom&#8220; bg_image_animation=&#8220;none&#8220; shape_type=&#8220;straight_section&#8220;][vc_column column_padding=&#8220;no-extra-padding&#8220; column_padding_tablet=&#8220;inherit&#8220; column_padding_phone=&#8220;inherit&#8220; column_padding_position=&#8220;all&#8220;&#8230;<\/p>\n","protected":false},"author":1,"featured_media":2200,"parent":0,"menu_order":0,"comment_status":"closed","ping_status":"closed","template":"","meta":{"_joinchat":[],"footnotes":""},"class_list":["post-2199","page","type-page","status-publish","has-post-thumbnail"],"yoast_head":"<!-- This site is optimized with the Yoast SEO plugin v24.2 - https:\/\/yoast.com\/wordpress\/plugins\/seo\/ -->\n<title>\u00c7ak\u0131l Klinik - Dr. Tolga \u00c7ak\u0131l<\/title>\n<meta name=\"description\" content=\"Dr.Tolga \u00c7ak\u0131l is a Europen Triple Board Certified ENT Surgeon -Endoscopic Fox Eyes \u2013 Temporal Lift.- Rhinoplasty Turkey \u2013 \u00c7ak\u0131l Klinik\" \/>\n<meta name=\"robots\" content=\"index, follow, max-snippet:-1, max-image-preview:large, max-video-preview:-1\" \/>\n<link rel=\"canonical\" href=\"https:\/\/drtolgacakil.com\/cakil-clinic\/\" \/>\n<meta property=\"og:locale\" content=\"de_DE\" \/>\n<meta property=\"og:type\" content=\"article\" \/>\n<meta property=\"og:title\" content=\"\u00c7ak\u0131l Klinik - Dr. Tolga \u00c7ak\u0131l\" \/>\n<meta property=\"og:description\" content=\"Dr.Tolga \u00c7ak\u0131l is a Europen Triple Board Certified ENT Surgeon -Endoscopic Fox Eyes \u2013 Temporal Lift.- Rhinoplasty Turkey \u2013 \u00c7ak\u0131l Klinik\" \/>\n<meta property=\"og:url\" content=\"https:\/\/drtolgacakil.com\/cakil-clinic\/\" \/>\n<meta property=\"og:site_name\" content=\"Dr. Tolga \u00c7ak\u0131l\" \/>\n<meta property=\"article:modified_time\" content=\"2024-11-12T13:56:39+00:00\" \/>\n<meta property=\"og:image\" content=\"https:\/\/drtolgacakil.com\/wp-content\/uploads\/2024\/11\/EP21515-scaled.jpg\" \/>\n\t<meta property=\"og:image:width\" content=\"1707\" \/>\n\t<meta property=\"og:image:height\" content=\"2560\" \/>\n\t<meta property=\"og:image:type\" content=\"image\/jpeg\" \/>\n<meta name=\"twitter:card\" content=\"summary_large_image\" \/>\n<meta name=\"twitter:label1\" content=\"Gesch\u00e4tzte Lesezeit\" \/>\n\t<meta name=\"twitter:data1\" content=\"3\u00a0Minuten\" \/>\n<script type=\"application\/ld+json\" class=\"yoast-schema-graph\">{\"@context\":\"https:\/\/schema.org\",\"@graph\":[{\"@type\":\"WebPage\",\"@id\":\"https:\/\/drtolgacakil.com\/cakil-clinic\/\",\"url\":\"https:\/\/drtolgacakil.com\/cakil-clinic\/\",\"name\":\"\u00c7ak\u0131l Klinik - Dr. Tolga \u00c7ak\u0131l\",\"isPartOf\":{\"@id\":\"https:\/\/drtolgacakil.com\/#website\"},\"primaryImageOfPage\":{\"@id\":\"https:\/\/drtolgacakil.com\/cakil-clinic\/#primaryimage\"},\"image\":{\"@id\":\"https:\/\/drtolgacakil.com\/cakil-clinic\/#primaryimage\"},\"thumbnailUrl\":\"https:\/\/drtolgacakil.com\/wp-content\/uploads\/2024\/11\/EP21515-scaled.jpg\",\"datePublished\":\"2024-10-28T09:51:54+00:00\",\"dateModified\":\"2024-11-12T13:56:39+00:00\",\"description\":\"Dr.Tolga \u00c7ak\u0131l is a Europen Triple Board Certified ENT Surgeon -Endoscopic Fox Eyes \u2013 Temporal Lift.- Rhinoplasty Turkey \u2013 \u00c7ak\u0131l Klinik\",\"breadcrumb\":{\"@id\":\"https:\/\/drtolgacakil.com\/cakil-clinic\/#breadcrumb\"},\"inLanguage\":\"de\",\"potentialAction\":[{\"@type\":\"ReadAction\",\"target\":[\"https:\/\/drtolgacakil.com\/cakil-clinic\/\"]}]},{\"@type\":\"ImageObject\",\"inLanguage\":\"de\",\"@id\":\"https:\/\/drtolgacakil.com\/cakil-clinic\/#primaryimage\",\"url\":\"https:\/\/drtolgacakil.com\/wp-content\/uploads\/2024\/11\/EP21515-scaled.jpg\",\"contentUrl\":\"https:\/\/drtolgacakil.com\/wp-content\/uploads\/2024\/11\/EP21515-scaled.jpg\",\"width\":1707,\"height\":2560,\"caption\":\"\u00c7ak\u0131l Clinic\"},{\"@type\":\"BreadcrumbList\",\"@id\":\"https:\/\/drtolgacakil.com\/cakil-clinic\/#breadcrumb\",\"itemListElement\":[{\"@type\":\"ListItem\",\"position\":1,\"name\":\"Anasayfa\",\"item\":\"https:\/\/drtolgacakil.com\/de\/\"},{\"@type\":\"ListItem\",\"position\":2,\"name\":\"\u00c7ak\u0131l Klinik\"}]},{\"@type\":\"WebSite\",\"@id\":\"https:\/\/drtolgacakil.com\/#website\",\"url\":\"https:\/\/drtolgacakil.com\/\",\"name\":\"Dr. Tolga \u00c7ak\u0131l\",\"description\":\"\",\"potentialAction\":[{\"@type\":\"SearchAction\",\"target\":{\"@type\":\"EntryPoint\",\"urlTemplate\":\"https:\/\/drtolgacakil.com\/?s={search_term_string}\"},\"query-input\":{\"@type\":\"PropertyValueSpecification\",\"valueRequired\":true,\"valueName\":\"search_term_string\"}}],\"inLanguage\":\"de\"}]}<\/script>\n<!-- \/ Yoast SEO plugin. -->","yoast_head_json":{"title":"\u00c7ak\u0131l Klinik - Dr. Tolga \u00c7ak\u0131l","description":"Dr.Tolga \u00c7ak\u0131l is a Europen Triple Board Certified ENT Surgeon -Endoscopic Fox Eyes \u2013 Temporal Lift.- Rhinoplasty Turkey \u2013 \u00c7ak\u0131l Klinik","robots":{"index":"index","follow":"follow","max-snippet":"max-snippet:-1","max-image-preview":"max-image-preview:large","max-video-preview":"max-video-preview:-1"},"canonical":"https:\/\/drtolgacakil.com\/cakil-clinic\/","og_locale":"de_DE","og_type":"article","og_title":"\u00c7ak\u0131l Klinik - Dr. Tolga \u00c7ak\u0131l","og_description":"Dr.Tolga \u00c7ak\u0131l is a Europen Triple Board Certified ENT Surgeon -Endoscopic Fox Eyes \u2013 Temporal Lift.- Rhinoplasty Turkey \u2013 \u00c7ak\u0131l Klinik","og_url":"https:\/\/drtolgacakil.com\/cakil-clinic\/","og_site_name":"Dr. Tolga \u00c7ak\u0131l","article_modified_time":"2024-11-12T13:56:39+00:00","og_image":[{"width":1707,"height":2560,"url":"https:\/\/drtolgacakil.com\/wp-content\/uploads\/2024\/11\/EP21515-scaled.jpg","type":"image\/jpeg"}],"twitter_card":"summary_large_image","twitter_misc":{"Gesch\u00e4tzte Lesezeit":"3\u00a0Minuten"},"schema":{"@context":"https:\/\/schema.org","@graph":[{"@type":"WebPage","@id":"https:\/\/drtolgacakil.com\/cakil-clinic\/","url":"https:\/\/drtolgacakil.com\/cakil-clinic\/","name":"\u00c7ak\u0131l Klinik - Dr. Tolga \u00c7ak\u0131l","isPartOf":{"@id":"https:\/\/drtolgacakil.com\/#website"},"primaryImageOfPage":{"@id":"https:\/\/drtolgacakil.com\/cakil-clinic\/#primaryimage"},"image":{"@id":"https:\/\/drtolgacakil.com\/cakil-clinic\/#primaryimage"},"thumbnailUrl":"https:\/\/drtolgacakil.com\/wp-content\/uploads\/2024\/11\/EP21515-scaled.jpg","datePublished":"2024-10-28T09:51:54+00:00","dateModified":"2024-11-12T13:56:39+00:00","description":"Dr.Tolga \u00c7ak\u0131l is a Europen Triple Board Certified ENT Surgeon -Endoscopic Fox Eyes \u2013 Temporal Lift.- Rhinoplasty Turkey \u2013 \u00c7ak\u0131l Klinik","breadcrumb":{"@id":"https:\/\/drtolgacakil.com\/cakil-clinic\/#breadcrumb"},"inLanguage":"de","potentialAction":[{"@type":"ReadAction","target":["https:\/\/drtolgacakil.com\/cakil-clinic\/"]}]},{"@type":"ImageObject","inLanguage":"de","@id":"https:\/\/drtolgacakil.com\/cakil-clinic\/#primaryimage","url":"https:\/\/drtolgacakil.com\/wp-content\/uploads\/2024\/11\/EP21515-scaled.jpg","contentUrl":"https:\/\/drtolgacakil.com\/wp-content\/uploads\/2024\/11\/EP21515-scaled.jpg","width":1707,"height":2560,"caption":"\u00c7ak\u0131l Clinic"},{"@type":"BreadcrumbList","@id":"https:\/\/drtolgacakil.com\/cakil-clinic\/#breadcrumb","itemListElement":[{"@type":"ListItem","position":1,"name":"Anasayfa","item":"https:\/\/drtolgacakil.com\/de\/"},{"@type":"ListItem","position":2,"name":"\u00c7ak\u0131l Klinik"}]},{"@type":"WebSite","@id":"https:\/\/drtolgacakil.com\/#website","url":"https:\/\/drtolgacakil.com\/","name":"Dr. Tolga \u00c7ak\u0131l","description":"","potentialAction":[{"@type":"SearchAction","target":{"@type":"EntryPoint","urlTemplate":"https:\/\/drtolgacakil.com\/?s={search_term_string}"},"query-input":{"@type":"PropertyValueSpecification","valueRequired":true,"valueName":"search_term_string"}}],"inLanguage":"de"}]}},"_links":{"self":[{"href":"https:\/\/drtolgacakil.com\/de\/wp-json\/wp\/v2\/pages\/2199","targetHints":{"allow":["GET"]}}],"collection":[{"href":"https:\/\/drtolgacakil.com\/de\/wp-json\/wp\/v2\/pages"}],"about":[{"href":"https:\/\/drtolgacakil.com\/de\/wp-json\/wp\/v2\/types\/page"}],"author":[{"embeddable":true,"href":"https:\/\/drtolgacakil.com\/de\/wp-json\/wp\/v2\/users\/1"}],"replies":[{"embeddable":true,"href":"https:\/\/drtolgacakil.com\/de\/wp-json\/wp\/v2\/comments?post=2199"}],"version-history":[{"count":1,"href":"https:\/\/drtolgacakil.com\/de\/wp-json\/wp\/v2\/pages\/2199\/revisions"}],"predecessor-version":[{"id":2201,"href":"https:\/\/drtolgacakil.com\/de\/wp-json\/wp\/v2\/pages\/2199\/revisions\/2201"}],"wp:featuredmedia":[{"embeddable":true,"href":"https:\/\/drtolgacakil.com\/de\/wp-json\/wp\/v2\/media\/2200"}],"wp:attachment":[{"href":"https:\/\/drtolgacakil.com\/de\/wp-json\/wp\/v2\/media?parent=2199"}],"curies":[{"name":"wp","href":"https:\/\/api.w.org\/{rel}","templated":true}]}}