{"id":2054,"date":"2024-10-28T09:59:58","date_gmt":"2024-10-28T06:59:58","guid":{"rendered":"https:\/\/drtolgacakil.com\/yenisite\/biography\/"},"modified":"2025-05-03T23:07:27","modified_gmt":"2025-05-03T20:07:27","slug":"biyografi","status":"publish","type":"page","link":"https:\/\/drtolgacakil.com\/tr\/biyografi\/","title":{"rendered":"Biyografi"},"content":{"rendered":"[vc_row type=&#8221;full_width_background&#8221; full_screen_row_position=&#8221;middle&#8221; column_margin=&#8221;90px&#8221; equal_height=&#8221;yes&#8221; content_placement=&#8221;middle&#8221; column_direction=&#8221;default&#8221; column_direction_tablet=&#8221;column_reverse&#8221; column_direction_phone=&#8221;column_reverse&#8221; bg_color=&#8221;#ffffff&#8221; scene_position=&#8221;center&#8221; top_padding=&#8221;6%&#8221; bottom_padding=&#8221;2%&#8221; top_padding_tablet=&#8221;8%&#8221; bottom_padding_tablet=&#8221;8%&#8221; text_color=&#8221;dark&#8221; text_align=&#8221;left&#8221; row_border_radius=&#8221;none&#8221; row_border_radius_applies=&#8221;bg&#8221; overflow=&#8221;visible&#8221; id=&#8221;home&#8221; overlay_strength=&#8221;0.5&#8243; gradient_direction=&#8221;top_to_bottom&#8221; shape_divider_position=&#8221;bottom&#8221; bg_image_animation=&#8221;none&#8221; shape_type=&#8221;straight_section&#8221;][vc_column column_padding=&#8221;no-extra-padding&#8221; column_padding_tablet=&#8221;inherit&#8221; column_padding_phone=&#8221;inherit&#8221; column_padding_position=&#8221;all&#8221; column_element_direction_desktop=&#8221;default&#8221; column_element_spacing=&#8221;default&#8221; desktop_text_alignment=&#8221;default&#8221; tablet_text_alignment=&#8221;default&#8221; phone_text_alignment=&#8221;default&#8221; background_color_opacity=&#8221;1&#8243; background_hover_color_opacity=&#8221;1&#8243; column_backdrop_filter=&#8221;none&#8221; column_shadow=&#8221;none&#8221; column_border_radius=&#8221;none&#8221; column_link_target=&#8221;_self&#8221; column_position=&#8221;default&#8221; gradient_direction=&#8221;left_to_right&#8221; overlay_strength=&#8221;0.5&#8243; width=&#8221;1\/2&#8243; tablet_width_inherit=&#8221;default&#8221; animation_type=&#8221;default&#8221; bg_image_animation=&#8221;none&#8221; border_type=&#8221;simple&#8221; column_border_width=&#8221;none&#8221; column_border_style=&#8221;solid&#8221; offset=&#8221;vc_col-xs-12&#8243;][vc_row_inner column_margin=&#8221;default&#8221; column_direction=&#8221;default&#8221; column_direction_tablet=&#8221;default&#8221; column_direction_phone=&#8221;default&#8221; text_align=&#8221;left&#8221; row_position=&#8221;default&#8221; row_position_tablet=&#8221;inherit&#8221; row_position_phone=&#8221;inherit&#8221; overflow=&#8221;visible&#8221; pointer_events=&#8221;all&#8221;][vc_column_inner column_padding=&#8221;no-extra-padding&#8221; column_padding_tablet=&#8221;inherit&#8221; column_padding_phone=&#8221;inherit&#8221; column_padding_position=&#8221;all&#8221; column_element_direction_desktop=&#8221;default&#8221; column_element_spacing=&#8221;default&#8221; desktop_text_alignment=&#8221;default&#8221; tablet_text_alignment=&#8221;default&#8221; phone_text_alignment=&#8221;default&#8221; background_color_opacity=&#8221;1&#8243; background_hover_color_opacity=&#8221;1&#8243; background_image=&#8221;306&#8243; background_image_position=&#8221;center center&#8221; background_image_stacking=&#8221;default&#8221; enable_bg_scale=&#8221;true&#8221; background_image_loading=&#8221;default&#8221; column_backdrop_filter=&#8221;none&#8221; column_shadow=&#8221;none&#8221; column_border_radius=&#8221;none&#8221; column_link_target=&#8221;_self&#8221; overflow=&#8221;visible&#8221; gradient_direction=&#8221;left_to_right&#8221; overlay_strength=&#8221;0.5&#8243; width=&#8221;1\/1&#8243; tablet_width_inherit=&#8221;default&#8221; animation_type=&#8221;default&#8221; bg_image_animation=&#8221;none&#8221; parallax_bg=&#8221;true&#8221; parallax_bg_speed=&#8221;fast&#8221; border_type=&#8221;simple&#8221; column_border_width=&#8221;none&#8221; column_border_style=&#8221;solid&#8221; column_padding_type=&#8221;default&#8221; gradient_type=&#8221;default&#8221;][divider line_type=&#8221;No Line&#8221; custom_height=&#8221;75vh&#8221; custom_height_tablet=&#8221;40vh&#8221; custom_height_phone=&#8221;300px&#8221;][\/vc_column_inner][\/vc_row_inner][\/vc_column][vc_column column_padding=&#8221;padding-4-percent&#8221; column_padding_tablet=&#8221;no-extra-padding&#8221; column_padding_phone=&#8221;no-extra-padding&#8221; column_padding_position=&#8221;right&#8221; column_element_direction_desktop=&#8221;default&#8221; column_element_spacing=&#8221;10px&#8221; desktop_text_alignment=&#8221;default&#8221; tablet_text_alignment=&#8221;default&#8221; phone_text_alignment=&#8221;default&#8221; background_color_opacity=&#8221;1&#8243; background_hover_color_opacity=&#8221;1&#8243; column_backdrop_filter=&#8221;none&#8221; column_shadow=&#8221;none&#8221; column_border_radius=&#8221;none&#8221; column_link_target=&#8221;_self&#8221; column_position=&#8221;default&#8221; zindex=&#8221;100&#8243; gradient_direction=&#8221;left_t_to_right_b&#8221; overlay_strength=&#8221;0.3&#8243; width=&#8221;1\/2&#8243; tablet_width_inherit=&#8221;default&#8221; animation_type=&#8221;default&#8221; bg_image_animation=&#8221;none&#8221; border_type=&#8221;simple&#8221; column_border_width=&#8221;none&#8221; column_border_style=&#8221;solid&#8221; offset=&#8221;vc_col-xs-12&#8243;][vc_row_inner column_margin=&#8221;default&#8221; column_direction=&#8221;default&#8221; column_direction_tablet=&#8221;default&#8221; column_direction_phone=&#8221;default&#8221; text_align=&#8221;left&#8221; row_position=&#8221;default&#8221; row_position_tablet=&#8221;inherit&#8221; row_position_phone=&#8221;inherit&#8221; overflow=&#8221;visible&#8221; pointer_events=&#8221;all&#8221; min_width=&#8221;47vh&#8221;][vc_column_inner column_padding=&#8221;no-extra-padding&#8221; column_padding_tablet=&#8221;inherit&#8221; column_padding_phone=&#8221;inherit&#8221; column_padding_position=&#8221;all&#8221; column_element_direction_desktop=&#8221;default&#8221; column_element_spacing=&#8221;5px&#8221; desktop_text_alignment=&#8221;default&#8221; tablet_text_alignment=&#8221;default&#8221; phone_text_alignment=&#8221;default&#8221; background_color_opacity=&#8221;1&#8243; background_hover_color_opacity=&#8221;1&#8243; column_backdrop_filter=&#8221;none&#8221; column_shadow=&#8221;none&#8221; column_border_radius=&#8221;none&#8221; column_link_target=&#8221;_self&#8221; overflow=&#8221;visible&#8221; gradient_direction=&#8221;left_to_right&#8221; overlay_strength=&#8221;0.3&#8243; width=&#8221;1\/1&#8243; tablet_width_inherit=&#8221;default&#8221; animation_type=&#8221;default&#8221; enable_animation=&#8221;true&#8221; animation=&#8221;fade-in-from-bottom&#8221; animation_easing=&#8221;default&#8221; bg_image_animation=&#8221;none&#8221; border_type=&#8221;simple&#8221; column_border_width=&#8221;none&#8221; column_border_style=&#8221;solid&#8221; enable_border_animation=&#8221;true&#8221;][split_line_heading animation_type=&#8221;line-reveal-by-space&#8221; font_style=&#8221;h2&#8243; line_reveal_by_space_text_effect=&#8221;default&#8221; content_alignment=&#8221;default&#8221; mobile_content_alignment=&#8221;inherit&#8221; link_target=&#8221;_self&#8221; text_content=&#8221;Dr Tolga \u00c7ak\u0131l&#8221; max_width=&#8221;450&#8243; text_direction=&#8221;default&#8221;][\/split_line_heading][\/vc_column_inner][\/vc_row_inner][vc_row_inner column_margin=&#8221;default&#8221; column_direction=&#8221;default&#8221; column_direction_tablet=&#8221;default&#8221; column_direction_phone=&#8221;default&#8221; text_align=&#8221;left&#8221; row_position=&#8221;default&#8221; row_position_tablet=&#8221;inherit&#8221; row_position_phone=&#8221;inherit&#8221; overflow=&#8221;visible&#8221; pointer_events=&#8221;all&#8221; min_width=&#8221;47vh&#8221;][vc_column_inner column_padding=&#8221;no-extra-padding&#8221; column_padding_tablet=&#8221;inherit&#8221; column_padding_phone=&#8221;inherit&#8221; column_padding_position=&#8221;all&#8221; column_element_direction_desktop=&#8221;default&#8221; column_element_spacing=&#8221;5px&#8221; desktop_text_alignment=&#8221;default&#8221; tablet_text_alignment=&#8221;default&#8221; phone_text_alignment=&#8221;default&#8221; background_color_opacity=&#8221;1&#8243; background_hover_color_opacity=&#8221;1&#8243; column_backdrop_filter=&#8221;none&#8221; column_shadow=&#8221;none&#8221; column_border_radius=&#8221;none&#8221; column_link_target=&#8221;_self&#8221; overflow=&#8221;visible&#8221; gradient_direction=&#8221;left_to_right&#8221; overlay_strength=&#8221;0.3&#8243; width=&#8221;1\/1&#8243; tablet_width_inherit=&#8221;default&#8221; animation_type=&#8221;default&#8221; enable_animation=&#8221;true&#8221; animation=&#8221;fade-in-from-bottom&#8221; animation_easing=&#8221;default&#8221; bg_image_animation=&#8221;none&#8221; border_type=&#8221;simple&#8221; column_border_width=&#8221;none&#8221; column_border_style=&#8221;solid&#8221; enable_border_animation=&#8221;true&#8221;][vc_column_text css=&#8221;&#8221; max_width=&#8221;500&#8243; text_direction=&#8221;default&#8221;]\n<div class=\"elementor-element elementor-element-c714daf elementor-widget__width-initial elementor-widget elementor-widget-gva-heading-block\" data-id=\"c714daf\" data-element_type=\"widget\" data-widget_type=\"gva-heading-block.default\">\n<div class=\"elementor-widget-container\">\n<div class=\"gva-element-gva-heading-block gva-element\">\n<div class=\"align-left style-1 widget gsc-heading box-align-left auto-responsive\">\n<div class=\"content-inner\">\n<div class=\"title-desc\">\n<p>Dr. Tolga \u00c7ak\u0131l Bal\u0131kesir do\u011fumludur. \u0130lk ve orta \u00f6\u011frenimini Alt\u0131noluk&#8217;ta tamamlad\u0131. Edremit Anadolu Lisesi&#8217;nden mezun olduktan sonra ayn\u0131 y\u0131l Manisa Celal Bayar \u00dcniversitesi T\u0131p Fak\u00fcltesi&#8217;ne ba\u015flad\u0131. Manisa Celal Bayar T\u0131p Fak\u00fcltesi&#8217;nden mezun oldu. 2016 y\u0131l\u0131nda Dr. L\u00fctfi K\u0131rdar Kartal E\u011fitim ve Ara\u015ft\u0131rma Hastanesi Kulak Burun Bo\u011faz B\u00f6l\u00fcm\u00fc&#8217;nde uzmanl\u0131k e\u011fitimine ba\u015flad\u0131. 2022&#8217;den beri Kulak, Burun ve Bo\u011faz uzman\u0131yd\u0131.<\/p>\n<p>Halen \u0130stanbul&#8217;da d\u00fcnyan\u0131n en \u00fcnl\u00fc y\u00fcz plastik cerrahlar\u0131ndan Jose Carlos Neves, Michele Pascali ve d\u00fcnyan\u0131n en \u00fcnl\u00fc burun estetik cerrahlar\u0131ndan biri olan Abd\u00fclkadir G\u00f6ksel&#8217;den edindi\u011fi yeni teknikler, d\u00fcnya g\u00f6r\u00fc\u015f\u00fc, estetik vizyon ve \u00f6ng\u00f6r\u00fc ile \u00e7al\u0131\u015fmalar\u0131na devam etmektedir.<\/p>\n<p>Dr. Tolga \u00c7ak\u0131l, y\u00fcz ve boyun esteti\u011fi prosed\u00fcrlerine \u00f6zel \u00f6nem vererek hassasiyeti sanatla birle\u015ftirerek ola\u011fan\u00fcst\u00fc bir hasta deneyimi ve zarif ve rafine bir sonu\u00e7 sunar.<\/p>\n<p>Dr. \u00c7ak\u0131l, \u0130stanbul\/T\u00fcrkiye&#8217;de hastalara hizmet veren Avrupa \u00dc\u00e7l\u00fc Kurul Sertifikal\u0131 bir KBB Cerrah\u0131d\u0131r. Cerrahi ve cerrahi olmayan kozmetik \u00e7\u00f6z\u00fcmler sunarak do\u011fal g\u00f6r\u00fcn\u00fcml\u00fc sonu\u00e7lara vurgu yapar.<\/p>\n<\/div>\n<\/div>\n<\/div>\n<\/div>\n<\/div>\n<\/div>\n[\/vc_column_text][\/vc_column_inner][\/vc_row_inner][\/vc_column][vc_column column_padding=&#8221;no-extra-padding&#8221; column_padding_tablet=&#8221;inherit&#8221; column_padding_phone=&#8221;inherit&#8221; column_padding_position=&#8221;all&#8221; top_margin=&#8221;1%&#8221; column_element_direction_desktop=&#8221;default&#8221; column_element_spacing=&#8221;default&#8221; desktop_text_alignment=&#8221;default&#8221; tablet_text_alignment=&#8221;default&#8221; phone_text_alignment=&#8221;default&#8221; background_color_opacity=&#8221;1&#8243; background_hover_color_opacity=&#8221;1&#8243; column_backdrop_filter=&#8221;none&#8221; column_shadow=&#8221;none&#8221; column_border_radius=&#8221;none&#8221; column_link_target=&#8221;_self&#8221; column_position=&#8221;default&#8221; gradient_direction=&#8221;left_to_right&#8221; overlay_strength=&#8221;0.3&#8243; width=&#8221;1\/1&#8243; tablet_width_inherit=&#8221;default&#8221; animation_type=&#8221;default&#8221; bg_image_animation=&#8221;none&#8221; border_type=&#8221;simple&#8221; column_border_width=&#8221;none&#8221; column_border_style=&#8221;solid&#8221; column_padding_type=&#8221;default&#8221; gradient_type=&#8221;default&#8221;][vc_column_text css=&#8221;&#8221; text_direction=&#8221;default&#8221;]Rinoplasti i\u00e7in d\u00fcnyan\u0131n en \u00fcnl\u00fc estetik cerrahlar\u0131ndan biri olan Jos\u00e9 Carlos Neves, Michele Pascali ve d\u00fcnyan\u0131n en \u00fcnl\u00fc estetik cerrahlar\u0131ndan biri olan Abd\u00fclkadir G\u00f6ksel&#8217;den \u00f6\u011frendi\u011fi ileri teknikler, d\u00fcnya g\u00f6r\u00fc\u015f\u00fc, estetik vizyon ve vizyon ile \u0130stanbul&#8217;da \u00e7al\u0131\u015fmaya devam etmektedir. \u00d6zellikle y\u00fcz ve boyun estetik operasyonlar\u0131na odaklanan Dr. Tolga \u00c7ak\u0131l, ola\u011fan\u00fcst\u00fc bir hasta deneyimi ve zarif, rafine sonu\u00e7lar sa\u011flamak i\u00e7in hassasiyet ve sanat\u0131 bir araya getiriyor. \u00c7ak\u0131l, \u0130stanbul\/T\u00fcrkiye&#8217;de hastalara hizmet veren \u00e7ift kurul sertifikal\u0131 bir Cerraht\u0131r. Do\u011fal g\u00f6r\u00fcn\u00fcml\u00fc sonu\u00e7lara vurgu yaparak hem cerrahi hem de cerrahi olmayan kozmetik \u00e7\u00f6z\u00fcmler sunar.[\/vc_column_text][\/vc_column][\/vc_row]\n","protected":false},"excerpt":{"rendered":"<p>[vc_row type=&#8221;full_width_background&#8221; full_screen_row_position=&#8221;middle&#8221; column_margin=&#8221;90px&#8221; equal_height=&#8221;yes&#8221; content_placement=&#8221;middle&#8221; column_direction=&#8221;default&#8221; column_direction_tablet=&#8221;column_reverse&#8221; column_direction_phone=&#8221;column_reverse&#8221; bg_color=&#8221;#ffffff&#8221; scene_position=&#8221;center&#8221; top_padding=&#8221;6%&#8221; bottom_padding=&#8221;2%&#8221; top_padding_tablet=&#8221;8%&#8221; bottom_padding_tablet=&#8221;8%&#8221; text_color=&#8221;dark&#8221; text_align=&#8221;left&#8221; row_border_radius=&#8221;none&#8221; row_border_radius_applies=&#8221;bg&#8221; overflow=&#8221;visible&#8221; id=&#8221;home&#8221; overlay_strength=&#8221;0.5&#8243; gradient_direction=&#8221;top_to_bottom&#8221; shape_divider_position=&#8221;bottom&#8221; bg_image_animation=&#8221;none&#8221; shape_type=&#8221;straight_section&#8221;][vc_column column_padding=&#8221;no-extra-padding&#8221; column_padding_tablet=&#8221;inherit&#8221; column_padding_phone=&#8221;inherit&#8221; column_padding_position=&#8221;all&#8221;&#8230;<\/p>\n","protected":false},"author":1,"featured_media":2048,"parent":0,"menu_order":0,"comment_status":"closed","ping_status":"closed","template":"","meta":{"_joinchat":[],"footnotes":""},"class_list":["post-2054","page","type-page","status-publish","has-post-thumbnail"],"yoast_head":"<!-- This site is optimized with the Yoast SEO plugin v24.2 - https:\/\/yoast.com\/wordpress\/plugins\/seo\/ -->\n<title>Biyografi - Dr. Tolga \u00c7ak\u0131l<\/title>\n<meta name=\"description\" content=\"Dr.Tolga \u00c7ak\u0131l Avrupa Triple Board Sertifikal\u0131 KBB Cerrah\u0131d\u0131r -Endoskopik Fox Eyes \u2013 Temporal Lift.- \u2013Biyografi\" \/>\n<meta name=\"robots\" content=\"index, follow, max-snippet:-1, max-image-preview:large, max-video-preview:-1\" \/>\n<link rel=\"canonical\" href=\"https:\/\/drtolgacakil.com\/tr\/biyografi\/\" \/>\n<meta property=\"og:locale\" content=\"tr_TR\" \/>\n<meta property=\"og:type\" content=\"article\" \/>\n<meta property=\"og:title\" content=\"Biyografi - Dr. Tolga \u00c7ak\u0131l\" \/>\n<meta property=\"og:description\" content=\"Dr.Tolga \u00c7ak\u0131l Avrupa Triple Board Sertifikal\u0131 KBB Cerrah\u0131d\u0131r -Endoskopik Fox Eyes \u2013 Temporal Lift.- \u2013Biyografi\" \/>\n<meta property=\"og:url\" content=\"https:\/\/drtolgacakil.com\/tr\/biyografi\/\" \/>\n<meta property=\"og:site_name\" content=\"Dr. Tolga \u00c7ak\u0131l\" \/>\n<meta property=\"article:modified_time\" content=\"2025-05-03T20:07:27+00:00\" \/>\n<meta property=\"og:image\" content=\"https:\/\/drtolgacakil.com\/wp-content\/uploads\/2024\/11\/EP21388-scaled.jpg\" \/>\n\t<meta property=\"og:image:width\" content=\"1707\" \/>\n\t<meta property=\"og:image:height\" content=\"2560\" \/>\n\t<meta property=\"og:image:type\" content=\"image\/jpeg\" \/>\n<meta name=\"twitter:card\" content=\"summary_large_image\" \/>\n<meta name=\"twitter:label1\" content=\"Tahmini okuma s\u00fcresi\" \/>\n\t<meta name=\"twitter:data1\" content=\"2 dakika\" \/>\n<script type=\"application\/ld+json\" class=\"yoast-schema-graph\">{\"@context\":\"https:\/\/schema.org\",\"@graph\":[{\"@type\":\"WebPage\",\"@id\":\"https:\/\/drtolgacakil.com\/tr\/biyografi\/\",\"url\":\"https:\/\/drtolgacakil.com\/tr\/biyografi\/\",\"name\":\"Biyografi - Dr. Tolga \u00c7ak\u0131l\",\"isPartOf\":{\"@id\":\"https:\/\/drtolgacakil.com\/#website\"},\"primaryImageOfPage\":{\"@id\":\"https:\/\/drtolgacakil.com\/tr\/biyografi\/#primaryimage\"},\"image\":{\"@id\":\"https:\/\/drtolgacakil.com\/tr\/biyografi\/#primaryimage\"},\"thumbnailUrl\":\"https:\/\/drtolgacakil.com\/wp-content\/uploads\/2024\/11\/EP21388-scaled.jpg\",\"datePublished\":\"2024-10-28T06:59:58+00:00\",\"dateModified\":\"2025-05-03T20:07:27+00:00\",\"description\":\"Dr.Tolga \u00c7ak\u0131l Avrupa Triple Board Sertifikal\u0131 KBB Cerrah\u0131d\u0131r -Endoskopik Fox Eyes \u2013 Temporal Lift.- \u2013Biyografi\",\"breadcrumb\":{\"@id\":\"https:\/\/drtolgacakil.com\/tr\/biyografi\/#breadcrumb\"},\"inLanguage\":\"tr\",\"potentialAction\":[{\"@type\":\"ReadAction\",\"target\":[\"https:\/\/drtolgacakil.com\/tr\/biyografi\/\"]}]},{\"@type\":\"ImageObject\",\"inLanguage\":\"tr\",\"@id\":\"https:\/\/drtolgacakil.com\/tr\/biyografi\/#primaryimage\",\"url\":\"https:\/\/drtolgacakil.com\/wp-content\/uploads\/2024\/11\/EP21388-scaled.jpg\",\"contentUrl\":\"https:\/\/drtolgacakil.com\/wp-content\/uploads\/2024\/11\/EP21388-scaled.jpg\",\"width\":1707,\"height\":2560,\"caption\":\"Biography\"},{\"@type\":\"BreadcrumbList\",\"@id\":\"https:\/\/drtolgacakil.com\/tr\/biyografi\/#breadcrumb\",\"itemListElement\":[{\"@type\":\"ListItem\",\"position\":1,\"name\":\"Anasayfa\",\"item\":\"https:\/\/drtolgacakil.com\/de\/\"},{\"@type\":\"ListItem\",\"position\":2,\"name\":\"Biyografi\"}]},{\"@type\":\"WebSite\",\"@id\":\"https:\/\/drtolgacakil.com\/#website\",\"url\":\"https:\/\/drtolgacakil.com\/\",\"name\":\"Dr. Tolga \u00c7ak\u0131l\",\"description\":\"\",\"potentialAction\":[{\"@type\":\"SearchAction\",\"target\":{\"@type\":\"EntryPoint\",\"urlTemplate\":\"https:\/\/drtolgacakil.com\/?s={search_term_string}\"},\"query-input\":{\"@type\":\"PropertyValueSpecification\",\"valueRequired\":true,\"valueName\":\"search_term_string\"}}],\"inLanguage\":\"tr\"}]}<\/script>\n<!-- \/ Yoast SEO plugin. -->","yoast_head_json":{"title":"Biyografi - Dr. Tolga \u00c7ak\u0131l","description":"Dr.Tolga \u00c7ak\u0131l Avrupa Triple Board Sertifikal\u0131 KBB Cerrah\u0131d\u0131r -Endoskopik Fox Eyes \u2013 Temporal Lift.- \u2013Biyografi","robots":{"index":"index","follow":"follow","max-snippet":"max-snippet:-1","max-image-preview":"max-image-preview:large","max-video-preview":"max-video-preview:-1"},"canonical":"https:\/\/drtolgacakil.com\/tr\/biyografi\/","og_locale":"tr_TR","og_type":"article","og_title":"Biyografi - Dr. Tolga \u00c7ak\u0131l","og_description":"Dr.Tolga \u00c7ak\u0131l Avrupa Triple Board Sertifikal\u0131 KBB Cerrah\u0131d\u0131r -Endoskopik Fox Eyes \u2013 Temporal Lift.- \u2013Biyografi","og_url":"https:\/\/drtolgacakil.com\/tr\/biyografi\/","og_site_name":"Dr. Tolga \u00c7ak\u0131l","article_modified_time":"2025-05-03T20:07:27+00:00","og_image":[{"width":1707,"height":2560,"url":"https:\/\/drtolgacakil.com\/wp-content\/uploads\/2024\/11\/EP21388-scaled.jpg","type":"image\/jpeg"}],"twitter_card":"summary_large_image","twitter_misc":{"Tahmini okuma s\u00fcresi":"2 dakika"},"schema":{"@context":"https:\/\/schema.org","@graph":[{"@type":"WebPage","@id":"https:\/\/drtolgacakil.com\/tr\/biyografi\/","url":"https:\/\/drtolgacakil.com\/tr\/biyografi\/","name":"Biyografi - Dr. Tolga \u00c7ak\u0131l","isPartOf":{"@id":"https:\/\/drtolgacakil.com\/#website"},"primaryImageOfPage":{"@id":"https:\/\/drtolgacakil.com\/tr\/biyografi\/#primaryimage"},"image":{"@id":"https:\/\/drtolgacakil.com\/tr\/biyografi\/#primaryimage"},"thumbnailUrl":"https:\/\/drtolgacakil.com\/wp-content\/uploads\/2024\/11\/EP21388-scaled.jpg","datePublished":"2024-10-28T06:59:58+00:00","dateModified":"2025-05-03T20:07:27+00:00","description":"Dr.Tolga \u00c7ak\u0131l Avrupa Triple Board Sertifikal\u0131 KBB Cerrah\u0131d\u0131r -Endoskopik Fox Eyes \u2013 Temporal Lift.- \u2013Biyografi","breadcrumb":{"@id":"https:\/\/drtolgacakil.com\/tr\/biyografi\/#breadcrumb"},"inLanguage":"tr","potentialAction":[{"@type":"ReadAction","target":["https:\/\/drtolgacakil.com\/tr\/biyografi\/"]}]},{"@type":"ImageObject","inLanguage":"tr","@id":"https:\/\/drtolgacakil.com\/tr\/biyografi\/#primaryimage","url":"https:\/\/drtolgacakil.com\/wp-content\/uploads\/2024\/11\/EP21388-scaled.jpg","contentUrl":"https:\/\/drtolgacakil.com\/wp-content\/uploads\/2024\/11\/EP21388-scaled.jpg","width":1707,"height":2560,"caption":"Biography"},{"@type":"BreadcrumbList","@id":"https:\/\/drtolgacakil.com\/tr\/biyografi\/#breadcrumb","itemListElement":[{"@type":"ListItem","position":1,"name":"Anasayfa","item":"https:\/\/drtolgacakil.com\/de\/"},{"@type":"ListItem","position":2,"name":"Biyografi"}]},{"@type":"WebSite","@id":"https:\/\/drtolgacakil.com\/#website","url":"https:\/\/drtolgacakil.com\/","name":"Dr. Tolga \u00c7ak\u0131l","description":"","potentialAction":[{"@type":"SearchAction","target":{"@type":"EntryPoint","urlTemplate":"https:\/\/drtolgacakil.com\/?s={search_term_string}"},"query-input":{"@type":"PropertyValueSpecification","valueRequired":true,"valueName":"search_term_string"}}],"inLanguage":"tr"}]}},"_links":{"self":[{"href":"https:\/\/drtolgacakil.com\/tr\/wp-json\/wp\/v2\/pages\/2054","targetHints":{"allow":["GET"]}}],"collection":[{"href":"https:\/\/drtolgacakil.com\/tr\/wp-json\/wp\/v2\/pages"}],"about":[{"href":"https:\/\/drtolgacakil.com\/tr\/wp-json\/wp\/v2\/types\/page"}],"author":[{"embeddable":true,"href":"https:\/\/drtolgacakil.com\/tr\/wp-json\/wp\/v2\/users\/1"}],"replies":[{"embeddable":true,"href":"https:\/\/drtolgacakil.com\/tr\/wp-json\/wp\/v2\/comments?post=2054"}],"version-history":[{"count":3,"href":"https:\/\/drtolgacakil.com\/tr\/wp-json\/wp\/v2\/pages\/2054\/revisions"}],"predecessor-version":[{"id":3108,"href":"https:\/\/drtolgacakil.com\/tr\/wp-json\/wp\/v2\/pages\/2054\/revisions\/3108"}],"wp:featuredmedia":[{"embeddable":true,"href":"https:\/\/drtolgacakil.com\/tr\/wp-json\/wp\/v2\/media\/2048"}],"wp:attachment":[{"href":"https:\/\/drtolgacakil.com\/tr\/wp-json\/wp\/v2\/media?parent=2054"}],"curies":[{"name":"wp","href":"https:\/\/api.w.org\/{rel}","templated":true}]}}