{"id":2058,"date":"2024-10-28T12:51:54","date_gmt":"2024-10-28T09:51:54","guid":{"rendered":"https:\/\/drtolgacakil.com\/yenisite\/cakil-clinic\/"},"modified":"2025-05-03T23:37:43","modified_gmt":"2025-05-03T20:37:43","slug":"cakil-klinik","status":"publish","type":"page","link":"https:\/\/drtolgacakil.com\/tr\/cakil-klinik\/","title":{"rendered":"\u00c7ak\u0131l Muayenehanesi"},"content":{"rendered":"[vc_row type=&#8221;full_width_background&#8221; full_screen_row_position=&#8221;middle&#8221; column_margin=&#8221;90px&#8221; equal_height=&#8221;yes&#8221; content_placement=&#8221;middle&#8221; column_direction=&#8221;default&#8221; column_direction_tablet=&#8221;column_reverse&#8221; column_direction_phone=&#8221;column_reverse&#8221; bg_color=&#8221;#ffffff&#8221; scene_position=&#8221;center&#8221; top_padding=&#8221;6%&#8221; bottom_padding=&#8221;2%&#8221; top_padding_tablet=&#8221;8%&#8221; bottom_padding_tablet=&#8221;8%&#8221; text_color=&#8221;dark&#8221; text_align=&#8221;left&#8221; row_border_radius=&#8221;none&#8221; row_border_radius_applies=&#8221;bg&#8221; overflow=&#8221;visible&#8221; id=&#8221;home&#8221; overlay_strength=&#8221;0.5&#8243; gradient_direction=&#8221;top_to_bottom&#8221; shape_divider_position=&#8221;bottom&#8221; bg_image_animation=&#8221;none&#8221; shape_type=&#8221;straight_section&#8221;][vc_column column_padding=&#8221;no-extra-padding&#8221; column_padding_tablet=&#8221;inherit&#8221; column_padding_phone=&#8221;inherit&#8221; column_padding_position=&#8221;all&#8221; column_element_direction_desktop=&#8221;default&#8221; column_element_spacing=&#8221;default&#8221; desktop_text_alignment=&#8221;default&#8221; tablet_text_alignment=&#8221;default&#8221; phone_text_alignment=&#8221;default&#8221; background_color_opacity=&#8221;1&#8243; background_hover_color_opacity=&#8221;1&#8243; column_backdrop_filter=&#8221;none&#8221; column_shadow=&#8221;none&#8221; column_border_radius=&#8221;none&#8221; column_link_target=&#8221;_self&#8221; column_position=&#8221;default&#8221; gradient_direction=&#8221;left_to_right&#8221; overlay_strength=&#8221;0.5&#8243; width=&#8221;1\/2&#8243; tablet_width_inherit=&#8221;default&#8221; animation_type=&#8221;default&#8221; bg_image_animation=&#8221;none&#8221; border_type=&#8221;simple&#8221; column_border_width=&#8221;none&#8221; column_border_style=&#8221;solid&#8221; offset=&#8221;vc_col-xs-12&#8243;][vc_row_inner column_margin=&#8221;default&#8221; column_direction=&#8221;default&#8221; column_direction_tablet=&#8221;default&#8221; column_direction_phone=&#8221;default&#8221; text_align=&#8221;left&#8221; row_position=&#8221;default&#8221; row_position_tablet=&#8221;inherit&#8221; row_position_phone=&#8221;inherit&#8221; overflow=&#8221;visible&#8221; pointer_events=&#8221;all&#8221;][vc_column_inner column_padding=&#8221;no-extra-padding&#8221; column_padding_tablet=&#8221;inherit&#8221; column_padding_phone=&#8221;inherit&#8221; column_padding_position=&#8221;all&#8221; column_element_direction_desktop=&#8221;default&#8221; column_element_spacing=&#8221;default&#8221; desktop_text_alignment=&#8221;default&#8221; tablet_text_alignment=&#8221;default&#8221; phone_text_alignment=&#8221;default&#8221; background_color_opacity=&#8221;1&#8243; background_hover_color_opacity=&#8221;1&#8243; background_image=&#8221;308&#8243; background_image_position=&#8221;center center&#8221; background_image_stacking=&#8221;default&#8221; enable_bg_scale=&#8221;true&#8221; background_image_loading=&#8221;default&#8221; column_backdrop_filter=&#8221;none&#8221; column_shadow=&#8221;none&#8221; column_border_radius=&#8221;none&#8221; column_link_target=&#8221;_self&#8221; overflow=&#8221;visible&#8221; gradient_direction=&#8221;left_to_right&#8221; overlay_strength=&#8221;0.5&#8243; width=&#8221;1\/1&#8243; tablet_width_inherit=&#8221;default&#8221; animation_type=&#8221;default&#8221; bg_image_animation=&#8221;none&#8221; parallax_bg=&#8221;true&#8221; parallax_bg_speed=&#8221;fast&#8221; border_type=&#8221;simple&#8221; column_border_width=&#8221;none&#8221; column_border_style=&#8221;solid&#8221; column_padding_type=&#8221;default&#8221; gradient_type=&#8221;default&#8221;][divider line_type=&#8221;No Line&#8221; custom_height=&#8221;75vh&#8221; custom_height_tablet=&#8221;40vh&#8221; custom_height_phone=&#8221;300px&#8221;][\/vc_column_inner][\/vc_row_inner][\/vc_column][vc_column column_padding=&#8221;padding-4-percent&#8221; column_padding_tablet=&#8221;no-extra-padding&#8221; column_padding_phone=&#8221;no-extra-padding&#8221; column_padding_position=&#8221;right&#8221; column_element_direction_desktop=&#8221;default&#8221; column_element_spacing=&#8221;10px&#8221; desktop_text_alignment=&#8221;default&#8221; tablet_text_alignment=&#8221;default&#8221; phone_text_alignment=&#8221;default&#8221; background_color_opacity=&#8221;1&#8243; background_hover_color_opacity=&#8221;1&#8243; column_backdrop_filter=&#8221;none&#8221; column_shadow=&#8221;none&#8221; column_border_radius=&#8221;none&#8221; column_link_target=&#8221;_self&#8221; column_position=&#8221;default&#8221; zindex=&#8221;100&#8243; gradient_direction=&#8221;left_t_to_right_b&#8221; overlay_strength=&#8221;0.3&#8243; width=&#8221;1\/2&#8243; tablet_width_inherit=&#8221;default&#8221; animation_type=&#8221;default&#8221; bg_image_animation=&#8221;none&#8221; border_type=&#8221;simple&#8221; column_border_width=&#8221;none&#8221; column_border_style=&#8221;solid&#8221; offset=&#8221;vc_col-xs-12&#8243;][vc_row_inner column_margin=&#8221;default&#8221; column_direction=&#8221;default&#8221; column_direction_tablet=&#8221;default&#8221; column_direction_phone=&#8221;default&#8221; text_align=&#8221;left&#8221; row_position=&#8221;default&#8221; row_position_tablet=&#8221;inherit&#8221; row_position_phone=&#8221;inherit&#8221; overflow=&#8221;visible&#8221; pointer_events=&#8221;all&#8221; min_width=&#8221;47vh&#8221;][vc_column_inner column_padding=&#8221;no-extra-padding&#8221; column_padding_tablet=&#8221;inherit&#8221; column_padding_phone=&#8221;inherit&#8221; column_padding_position=&#8221;all&#8221; column_element_direction_desktop=&#8221;default&#8221; column_element_spacing=&#8221;5px&#8221; desktop_text_alignment=&#8221;default&#8221; tablet_text_alignment=&#8221;default&#8221; phone_text_alignment=&#8221;default&#8221; background_color_opacity=&#8221;1&#8243; background_hover_color_opacity=&#8221;1&#8243; column_backdrop_filter=&#8221;none&#8221; column_shadow=&#8221;none&#8221; column_border_radius=&#8221;none&#8221; column_link_target=&#8221;_self&#8221; overflow=&#8221;visible&#8221; gradient_direction=&#8221;left_to_right&#8221; overlay_strength=&#8221;0.3&#8243; width=&#8221;1\/1&#8243; tablet_width_inherit=&#8221;default&#8221; animation_type=&#8221;default&#8221; enable_animation=&#8221;true&#8221; animation=&#8221;fade-in-from-bottom&#8221; animation_easing=&#8221;default&#8221; bg_image_animation=&#8221;none&#8221; border_type=&#8221;simple&#8221; column_border_width=&#8221;none&#8221; column_border_style=&#8221;solid&#8221; enable_border_animation=&#8221;true&#8221;][split_line_heading animation_type=&#8221;line-reveal-by-space&#8221; font_style=&#8221;h2&#8243; line_reveal_by_space_text_effect=&#8221;default&#8221; content_alignment=&#8221;default&#8221; mobile_content_alignment=&#8221;inherit&#8221; link_target=&#8221;_self&#8221; text_content=&#8221;\u00c7ak\u0131l Muayenehanesi&#8221; max_width=&#8221;450&#8243; text_direction=&#8221;default&#8221;][\/split_line_heading][\/vc_column_inner][\/vc_row_inner][vc_row_inner column_margin=&#8221;default&#8221; column_direction=&#8221;default&#8221; column_direction_tablet=&#8221;default&#8221; column_direction_phone=&#8221;default&#8221; text_align=&#8221;left&#8221; row_position=&#8221;default&#8221; row_position_tablet=&#8221;inherit&#8221; row_position_phone=&#8221;inherit&#8221; overflow=&#8221;visible&#8221; pointer_events=&#8221;all&#8221; min_width=&#8221;47vh&#8221;][vc_column_inner column_padding=&#8221;no-extra-padding&#8221; column_padding_tablet=&#8221;inherit&#8221; column_padding_phone=&#8221;inherit&#8221; column_padding_position=&#8221;all&#8221; column_element_direction_desktop=&#8221;default&#8221; column_element_spacing=&#8221;5px&#8221; desktop_text_alignment=&#8221;default&#8221; tablet_text_alignment=&#8221;default&#8221; phone_text_alignment=&#8221;default&#8221; background_color_opacity=&#8221;1&#8243; background_hover_color_opacity=&#8221;1&#8243; column_backdrop_filter=&#8221;none&#8221; column_shadow=&#8221;none&#8221; column_border_radius=&#8221;none&#8221; column_link_target=&#8221;_self&#8221; overflow=&#8221;visible&#8221; gradient_direction=&#8221;left_to_right&#8221; overlay_strength=&#8221;0.3&#8243; width=&#8221;1\/1&#8243; tablet_width_inherit=&#8221;default&#8221; animation_type=&#8221;default&#8221; enable_animation=&#8221;true&#8221; animation=&#8221;fade-in-from-bottom&#8221; animation_easing=&#8221;default&#8221; bg_image_animation=&#8221;none&#8221; border_type=&#8221;simple&#8221; column_border_width=&#8221;none&#8221; column_border_style=&#8221;solid&#8221; enable_border_animation=&#8221;true&#8221;][vc_column_text css=&#8221;&#8221; max_width=&#8221;500&#8243; text_direction=&#8221;default&#8221;]\u00c7ak\u0131l Muayenehanesinde, Triple European Board Sertifikal\u0131 KBB cerrah\u0131m\u0131z Dr. Tolga \u00c7ak\u0131l ile \u00fcst\u00fcn bir ekip olarak g\u00f6rev yap\u0131yoruz. Bilgi birikimi ve becerisi Dr. \u00c7ak\u0131l&#8217;\u0131 estetik cerrahinin \u00f6n saflar\u0131nda yer alm\u0131\u015f ve yakla\u015f\u0131m\u0131, yetenekli bir cerrah olarak hassasiyeti neredeyse bir sanat\u00e7\u0131 gibi g\u00f6rme yetene\u011fiyle birle\u015ftiren bir yakla\u015f\u0131md\u0131r. \u00c7ak\u0131l Muayenehanesinde tedavilerin her biri, hastan\u0131n \u00f6zel ihtiya\u00e7lar\u0131na cevap vermek \u00fczere tasarlanm\u0131\u015ft\u0131r ve Dr. \u00c7ak\u0131l&#8217;\u0131n son derece ki\u015fiselle\u015ftirilmi\u015f ve do\u011fal sonu\u00e7lar i\u00e7in vaadini yerine getirir.<\/p>\n<p>Dr. \u00c7ak\u0131l&#8217;\u0131n \u00fc\u00e7l\u00fc kurul sertifikas\u0131, cerrahi ve cerrahi olmayan estetikteki kapsaml\u0131 niteli\u011fi, deneyimi ve m\u00fckemmelli\u011fi ile konu\u015fur. Y\u00fcz\u00fcn derin anatomisini ve esteti\u011fini anlayarak, ekibimize her hastan\u0131n \u00f6zelliklerini ve do\u011fal g\u00fczelli\u011fini yaln\u0131zca geli\u015ftirmekle kalmay\u0131p ayn\u0131 zamanda sayg\u0131 duyan ki\u015fiselle\u015ftirilmi\u015f bir tedavi plan\u0131 tasarlamada liderlik eder. Bunu, Dr. \u00c7ak\u0131l ve ekibimizin her hastan\u0131n isteklerini anlamaya \u00f6zen g\u00f6sterdi\u011fi \u00e7ok ayr\u0131nt\u0131l\u0131 bir kons\u00fcltasyon s\u00fcreciyle yap\u0131yor. Bu da, ideal benliklerine ula\u015fmalar\u0131ndaki yard\u0131mlar\u0131na g\u00f6re uyarlanm\u0131\u015f \u00e7\u00f6z\u00fcmler sunmam\u0131za yard\u0131mc\u0131 olur.[\/vc_column_text][\/vc_column_inner][\/vc_row_inner][\/vc_column][vc_column column_padding=&#8221;no-extra-padding&#8221; column_padding_tablet=&#8221;inherit&#8221; column_padding_phone=&#8221;inherit&#8221; column_padding_position=&#8221;all&#8221; top_margin=&#8221;1%&#8221; column_element_direction_desktop=&#8221;default&#8221; column_element_spacing=&#8221;default&#8221; desktop_text_alignment=&#8221;default&#8221; tablet_text_alignment=&#8221;default&#8221; phone_text_alignment=&#8221;default&#8221; background_color_opacity=&#8221;1&#8243; background_hover_color_opacity=&#8221;1&#8243; column_backdrop_filter=&#8221;none&#8221; column_shadow=&#8221;none&#8221; column_border_radius=&#8221;none&#8221; column_link_target=&#8221;_self&#8221; column_position=&#8221;default&#8221; gradient_direction=&#8221;left_to_right&#8221; overlay_strength=&#8221;0.3&#8243; width=&#8221;1\/1&#8243; tablet_width_inherit=&#8221;default&#8221; animation_type=&#8221;default&#8221; bg_image_animation=&#8221;none&#8221; border_type=&#8221;simple&#8221; column_border_width=&#8221;none&#8221; column_border_style=&#8221;solid&#8221; column_padding_type=&#8221;default&#8221; gradient_type=&#8221;default&#8221;][vc_gallery css=&#8221;&#8221; type=&#8221;flickity_static_height_style&#8221; images=&#8221;308,307,312,310,309,311,306&#8243; flickity_spacing=&#8221;default&#8221; flickity_controls=&#8221;next_prev_arrows_overlaid&#8221; flickity_overflow=&#8221;hidden&#8221; flickity_wrap_around=&#8221;wrap&#8221; flickity_box_shadow=&#8221;none&#8221; image_loading=&#8221;default&#8221; onclick=&#8221;link_no&#8221;][\/vc_column][vc_column column_padding=&#8221;padding-3-percent&#8221; column_padding_tablet=&#8221;inherit&#8221; column_padding_phone=&#8221;inherit&#8221; column_padding_position=&#8221;top-bottom&#8221; column_element_direction_desktop=&#8221;default&#8221; column_element_spacing=&#8221;default&#8221; desktop_text_alignment=&#8221;default&#8221; tablet_text_alignment=&#8221;default&#8221; phone_text_alignment=&#8221;default&#8221; background_color_opacity=&#8221;1&#8243; background_hover_color_opacity=&#8221;1&#8243; column_backdrop_filter=&#8221;none&#8221; column_shadow=&#8221;none&#8221; column_border_radius=&#8221;none&#8221; column_link_target=&#8221;_self&#8221; column_position=&#8221;default&#8221; gradient_direction=&#8221;left_to_right&#8221; overlay_strength=&#8221;0.3&#8243; width=&#8221;1\/1&#8243; tablet_width_inherit=&#8221;default&#8221; animation_type=&#8221;default&#8221; bg_image_animation=&#8221;none&#8221; border_type=&#8221;simple&#8221; column_border_width=&#8221;none&#8221; column_border_style=&#8221;solid&#8221; column_padding_type=&#8221;default&#8221; gradient_type=&#8221;default&#8221;][vc_column_text css=&#8221;&#8221; text_direction=&#8221;default&#8221;]Muayenehanemizin en y\u00fcksek g\u00fcvenlik ve ba\u015far\u0131 standartlar\u0131n\u0131 benimser. En son teknoloji ile donat\u0131lm\u0131\u015f iyi donan\u0131ml\u0131 ameliyathanelerimizde, her prosed\u00fcr\u00fcn titiz protokol\u00fcm\u00fcz\u00fc ve hastalar\u0131n beklentilerini kar\u015f\u0131lamas\u0131n\u0131 sa\u011flamak i\u00e7in s\u0131k\u0131 g\u00fcvenlik standartlar\u0131 uyguluyoruz. Dr. \u00c7ak\u0131l, y\u0131llar\u0131n tecr\u00fcbesiyle cilalad\u0131\u011f\u0131 ileri teknikleri ile sadece g\u00fczel ve do\u011fal sonu\u00e7lar de\u011fil, ayn\u0131 zamanda uzun \u00f6m\u00fcrl\u00fcd\u00fcr ve hastalar\u0131n kendilerini g\u00fcvende ve yenilenmi\u015f hissetmelerini sa\u011flar.<\/p>\n<p>Kalite ve g\u00fcven, uygulamam\u0131z\u0131n temelidir. \u00c7ak\u0131l Muayenehanesi en ba\u015f\u0131ndan itibaren \u015feffafl\u0131kla at\u0131lan ad\u0131mlar\u0131m\u0131z, dan\u0131\u015fmanl\u0131ktan ameliyat sonras\u0131 bak\u0131ma kadar hasta odakl\u0131 bir yakla\u015f\u0131ma dayan\u0131yordu. Dr. \u00c7ak\u0131l, \u00e7al\u0131\u015fmam\u0131zdaki her detay\u0131n m\u00fckemmel sonu\u00e7lara olan ba\u011fl\u0131l\u0131\u011f\u0131n\u0131 g\u00f6sterdi\u011fini belirtti &#8211; bu da bir d\u00fcr\u00fcstl\u00fck ve sayg\u0131 atmosferi yaratan bir taahh\u00fct. Estetik d\u00f6n\u00fc\u015f\u00fcmlerin t\u0131pk\u0131 d\u00f6n\u00fc\u015ft\u00fcr\u00fcc\u00fc olduklar\u0131 kadar canland\u0131r\u0131c\u0131 olmalar\u0131 gerekti\u011fine inan\u0131yoruz.<\/p>\n<p>\u00c7ak\u0131l muayenehanesi g\u00f6r\u00fcn\u00fcmleri iyile\u015ftirmekten daha fazlas\u0131n\u0131 yapmak i\u00e7in buraday\u0131z. Dr. Tolga \u00c7ak\u0131l&#8217;\u0131n rehberli\u011finde, her hastada g\u00fcven d\u00fczeyini ve ya\u015fam kalitesini art\u0131rmaya \u00e7al\u0131\u015f\u0131yoruz. Misyonumuz, hastalar\u0131m\u0131z\u0131n benlik duygusuyla rezonansa giren do\u011fal, sofistike sonu\u00e7lar tasarlamak ve b\u00f6ylece memnuniyetlerinin daha g\u00fcvenli bir \u015fekilde yenilenmesini sa\u011flamakt\u0131r.[\/vc_column_text][\/vc_column][\/vc_row]\n","protected":false},"excerpt":{"rendered":"<p>[vc_row type=&#8221;full_width_background&#8221; full_screen_row_position=&#8221;middle&#8221; column_margin=&#8221;90px&#8221; equal_height=&#8221;yes&#8221; content_placement=&#8221;middle&#8221; column_direction=&#8221;default&#8221; column_direction_tablet=&#8221;column_reverse&#8221; column_direction_phone=&#8221;column_reverse&#8221; bg_color=&#8221;#ffffff&#8221; scene_position=&#8221;center&#8221; top_padding=&#8221;6%&#8221; bottom_padding=&#8221;2%&#8221; top_padding_tablet=&#8221;8%&#8221; bottom_padding_tablet=&#8221;8%&#8221; text_color=&#8221;dark&#8221; text_align=&#8221;left&#8221; row_border_radius=&#8221;none&#8221; row_border_radius_applies=&#8221;bg&#8221; overflow=&#8221;visible&#8221; id=&#8221;home&#8221; overlay_strength=&#8221;0.5&#8243; gradient_direction=&#8221;top_to_bottom&#8221; shape_divider_position=&#8221;bottom&#8221; bg_image_animation=&#8221;none&#8221; shape_type=&#8221;straight_section&#8221;][vc_column column_padding=&#8221;no-extra-padding&#8221; column_padding_tablet=&#8221;inherit&#8221; column_padding_phone=&#8221;inherit&#8221; column_padding_position=&#8221;all&#8221;&#8230;<\/p>\n","protected":false},"author":1,"featured_media":2059,"parent":0,"menu_order":0,"comment_status":"closed","ping_status":"closed","template":"","meta":{"_joinchat":[],"footnotes":""},"class_list":["post-2058","page","type-page","status-publish","has-post-thumbnail"],"yoast_head":"<!-- This site is optimized with the Yoast SEO plugin v24.2 - https:\/\/yoast.com\/wordpress\/plugins\/seo\/ -->\n<title>\u00c7ak\u0131l Muayenehanesi - Dr. Tolga \u00c7ak\u0131l<\/title>\n<meta name=\"description\" content=\"Dr.Tolga \u00c7ak\u0131l Avrupa Triple Board Sertifikal\u0131 KBB Cerrah\u0131d\u0131r -Endoskopik Fox Eyes \u2013 Temporal Lift.- \u2013 \u00c7ak\u0131l Klinik\" \/>\n<meta name=\"robots\" content=\"index, follow, max-snippet:-1, max-image-preview:large, max-video-preview:-1\" \/>\n<link rel=\"canonical\" href=\"https:\/\/drtolgacakil.com\/tr\/cakil-klinik\/\" \/>\n<meta property=\"og:locale\" content=\"tr_TR\" \/>\n<meta property=\"og:type\" content=\"article\" \/>\n<meta property=\"og:title\" content=\"\u00c7ak\u0131l Muayenehanesi - Dr. Tolga \u00c7ak\u0131l\" \/>\n<meta property=\"og:description\" content=\"Dr.Tolga \u00c7ak\u0131l Avrupa Triple Board Sertifikal\u0131 KBB Cerrah\u0131d\u0131r -Endoskopik Fox Eyes \u2013 Temporal Lift.- \u2013 \u00c7ak\u0131l Klinik\" \/>\n<meta property=\"og:url\" content=\"https:\/\/drtolgacakil.com\/tr\/cakil-klinik\/\" \/>\n<meta property=\"og:site_name\" content=\"Dr. Tolga \u00c7ak\u0131l\" \/>\n<meta property=\"article:modified_time\" content=\"2025-05-03T20:37:43+00:00\" \/>\n<meta property=\"og:image\" content=\"https:\/\/drtolgacakil.com\/wp-content\/uploads\/2024\/11\/EP21515-scaled.jpg\" \/>\n\t<meta property=\"og:image:width\" content=\"1707\" \/>\n\t<meta property=\"og:image:height\" content=\"2560\" \/>\n\t<meta property=\"og:image:type\" content=\"image\/jpeg\" \/>\n<meta name=\"twitter:card\" content=\"summary_large_image\" \/>\n<meta name=\"twitter:label1\" content=\"Tahmini okuma s\u00fcresi\" \/>\n\t<meta name=\"twitter:data1\" content=\"2 dakika\" \/>\n<script type=\"application\/ld+json\" class=\"yoast-schema-graph\">{\"@context\":\"https:\/\/schema.org\",\"@graph\":[{\"@type\":\"WebPage\",\"@id\":\"https:\/\/drtolgacakil.com\/tr\/cakil-klinik\/\",\"url\":\"https:\/\/drtolgacakil.com\/tr\/cakil-klinik\/\",\"name\":\"\u00c7ak\u0131l Muayenehanesi - Dr. Tolga \u00c7ak\u0131l\",\"isPartOf\":{\"@id\":\"https:\/\/drtolgacakil.com\/#website\"},\"primaryImageOfPage\":{\"@id\":\"https:\/\/drtolgacakil.com\/tr\/cakil-klinik\/#primaryimage\"},\"image\":{\"@id\":\"https:\/\/drtolgacakil.com\/tr\/cakil-klinik\/#primaryimage\"},\"thumbnailUrl\":\"https:\/\/drtolgacakil.com\/wp-content\/uploads\/2024\/11\/EP21515-scaled.jpg\",\"datePublished\":\"2024-10-28T09:51:54+00:00\",\"dateModified\":\"2025-05-03T20:37:43+00:00\",\"description\":\"Dr.Tolga \u00c7ak\u0131l Avrupa Triple Board Sertifikal\u0131 KBB Cerrah\u0131d\u0131r -Endoskopik Fox Eyes \u2013 Temporal Lift.- \u2013 \u00c7ak\u0131l Klinik\",\"breadcrumb\":{\"@id\":\"https:\/\/drtolgacakil.com\/tr\/cakil-klinik\/#breadcrumb\"},\"inLanguage\":\"tr\",\"potentialAction\":[{\"@type\":\"ReadAction\",\"target\":[\"https:\/\/drtolgacakil.com\/tr\/cakil-klinik\/\"]}]},{\"@type\":\"ImageObject\",\"inLanguage\":\"tr\",\"@id\":\"https:\/\/drtolgacakil.com\/tr\/cakil-klinik\/#primaryimage\",\"url\":\"https:\/\/drtolgacakil.com\/wp-content\/uploads\/2024\/11\/EP21515-scaled.jpg\",\"contentUrl\":\"https:\/\/drtolgacakil.com\/wp-content\/uploads\/2024\/11\/EP21515-scaled.jpg\",\"width\":1707,\"height\":2560,\"caption\":\"\u00c7ak\u0131l Clinic\"},{\"@type\":\"BreadcrumbList\",\"@id\":\"https:\/\/drtolgacakil.com\/tr\/cakil-klinik\/#breadcrumb\",\"itemListElement\":[{\"@type\":\"ListItem\",\"position\":1,\"name\":\"Anasayfa\",\"item\":\"https:\/\/drtolgacakil.com\/de\/\"},{\"@type\":\"ListItem\",\"position\":2,\"name\":\"\u00c7ak\u0131l Muayenehanesi\"}]},{\"@type\":\"WebSite\",\"@id\":\"https:\/\/drtolgacakil.com\/#website\",\"url\":\"https:\/\/drtolgacakil.com\/\",\"name\":\"Dr. Tolga \u00c7ak\u0131l\",\"description\":\"\",\"potentialAction\":[{\"@type\":\"SearchAction\",\"target\":{\"@type\":\"EntryPoint\",\"urlTemplate\":\"https:\/\/drtolgacakil.com\/?s={search_term_string}\"},\"query-input\":{\"@type\":\"PropertyValueSpecification\",\"valueRequired\":true,\"valueName\":\"search_term_string\"}}],\"inLanguage\":\"tr\"}]}<\/script>\n<!-- \/ Yoast SEO plugin. -->","yoast_head_json":{"title":"\u00c7ak\u0131l Muayenehanesi - Dr. Tolga \u00c7ak\u0131l","description":"Dr.Tolga \u00c7ak\u0131l Avrupa Triple Board Sertifikal\u0131 KBB Cerrah\u0131d\u0131r -Endoskopik Fox Eyes \u2013 Temporal Lift.- \u2013 \u00c7ak\u0131l Klinik","robots":{"index":"index","follow":"follow","max-snippet":"max-snippet:-1","max-image-preview":"max-image-preview:large","max-video-preview":"max-video-preview:-1"},"canonical":"https:\/\/drtolgacakil.com\/tr\/cakil-klinik\/","og_locale":"tr_TR","og_type":"article","og_title":"\u00c7ak\u0131l Muayenehanesi - Dr. Tolga \u00c7ak\u0131l","og_description":"Dr.Tolga \u00c7ak\u0131l Avrupa Triple Board Sertifikal\u0131 KBB Cerrah\u0131d\u0131r -Endoskopik Fox Eyes \u2013 Temporal Lift.- \u2013 \u00c7ak\u0131l Klinik","og_url":"https:\/\/drtolgacakil.com\/tr\/cakil-klinik\/","og_site_name":"Dr. Tolga \u00c7ak\u0131l","article_modified_time":"2025-05-03T20:37:43+00:00","og_image":[{"width":1707,"height":2560,"url":"https:\/\/drtolgacakil.com\/wp-content\/uploads\/2024\/11\/EP21515-scaled.jpg","type":"image\/jpeg"}],"twitter_card":"summary_large_image","twitter_misc":{"Tahmini okuma s\u00fcresi":"2 dakika"},"schema":{"@context":"https:\/\/schema.org","@graph":[{"@type":"WebPage","@id":"https:\/\/drtolgacakil.com\/tr\/cakil-klinik\/","url":"https:\/\/drtolgacakil.com\/tr\/cakil-klinik\/","name":"\u00c7ak\u0131l Muayenehanesi - Dr. Tolga \u00c7ak\u0131l","isPartOf":{"@id":"https:\/\/drtolgacakil.com\/#website"},"primaryImageOfPage":{"@id":"https:\/\/drtolgacakil.com\/tr\/cakil-klinik\/#primaryimage"},"image":{"@id":"https:\/\/drtolgacakil.com\/tr\/cakil-klinik\/#primaryimage"},"thumbnailUrl":"https:\/\/drtolgacakil.com\/wp-content\/uploads\/2024\/11\/EP21515-scaled.jpg","datePublished":"2024-10-28T09:51:54+00:00","dateModified":"2025-05-03T20:37:43+00:00","description":"Dr.Tolga \u00c7ak\u0131l Avrupa Triple Board Sertifikal\u0131 KBB Cerrah\u0131d\u0131r -Endoskopik Fox Eyes \u2013 Temporal Lift.- \u2013 \u00c7ak\u0131l Klinik","breadcrumb":{"@id":"https:\/\/drtolgacakil.com\/tr\/cakil-klinik\/#breadcrumb"},"inLanguage":"tr","potentialAction":[{"@type":"ReadAction","target":["https:\/\/drtolgacakil.com\/tr\/cakil-klinik\/"]}]},{"@type":"ImageObject","inLanguage":"tr","@id":"https:\/\/drtolgacakil.com\/tr\/cakil-klinik\/#primaryimage","url":"https:\/\/drtolgacakil.com\/wp-content\/uploads\/2024\/11\/EP21515-scaled.jpg","contentUrl":"https:\/\/drtolgacakil.com\/wp-content\/uploads\/2024\/11\/EP21515-scaled.jpg","width":1707,"height":2560,"caption":"\u00c7ak\u0131l Clinic"},{"@type":"BreadcrumbList","@id":"https:\/\/drtolgacakil.com\/tr\/cakil-klinik\/#breadcrumb","itemListElement":[{"@type":"ListItem","position":1,"name":"Anasayfa","item":"https:\/\/drtolgacakil.com\/de\/"},{"@type":"ListItem","position":2,"name":"\u00c7ak\u0131l Muayenehanesi"}]},{"@type":"WebSite","@id":"https:\/\/drtolgacakil.com\/#website","url":"https:\/\/drtolgacakil.com\/","name":"Dr. Tolga \u00c7ak\u0131l","description":"","potentialAction":[{"@type":"SearchAction","target":{"@type":"EntryPoint","urlTemplate":"https:\/\/drtolgacakil.com\/?s={search_term_string}"},"query-input":{"@type":"PropertyValueSpecification","valueRequired":true,"valueName":"search_term_string"}}],"inLanguage":"tr"}]}},"_links":{"self":[{"href":"https:\/\/drtolgacakil.com\/tr\/wp-json\/wp\/v2\/pages\/2058","targetHints":{"allow":["GET"]}}],"collection":[{"href":"https:\/\/drtolgacakil.com\/tr\/wp-json\/wp\/v2\/pages"}],"about":[{"href":"https:\/\/drtolgacakil.com\/tr\/wp-json\/wp\/v2\/types\/page"}],"author":[{"embeddable":true,"href":"https:\/\/drtolgacakil.com\/tr\/wp-json\/wp\/v2\/users\/1"}],"replies":[{"embeddable":true,"href":"https:\/\/drtolgacakil.com\/tr\/wp-json\/wp\/v2\/comments?post=2058"}],"version-history":[{"count":6,"href":"https:\/\/drtolgacakil.com\/tr\/wp-json\/wp\/v2\/pages\/2058\/revisions"}],"predecessor-version":[{"id":3113,"href":"https:\/\/drtolgacakil.com\/tr\/wp-json\/wp\/v2\/pages\/2058\/revisions\/3113"}],"wp:featuredmedia":[{"embeddable":true,"href":"https:\/\/drtolgacakil.com\/tr\/wp-json\/wp\/v2\/media\/2059"}],"wp:attachment":[{"href":"https:\/\/drtolgacakil.com\/tr\/wp-json\/wp\/v2\/media?parent=2058"}],"curies":[{"name":"wp","href":"https:\/\/api.w.org\/{rel}","templated":true}]}}