{"id":2064,"date":"2024-10-31T17:02:17","date_gmt":"2024-10-31T14:02:17","guid":{"rendered":"https:\/\/drtolgacakil.com\/yenisite\/contact\/"},"modified":"2026-01-09T14:58:01","modified_gmt":"2026-01-09T11:58:01","slug":"contact","status":"publish","type":"page","link":"https:\/\/drtolgacakil.com\/tr\/contact\/","title":{"rendered":"\u0130leti\u015fim"},"content":{"rendered":"[vc_row type=&#8221;in_container&#8221; full_screen_row_position=&#8221;middle&#8221; column_margin=&#8221;default&#8221; column_direction=&#8221;default&#8221; column_direction_tablet=&#8221;default&#8221; column_direction_phone=&#8221;default&#8221; scene_position=&#8221;center&#8221; text_color=&#8221;dark&#8221; text_align=&#8221;left&#8221; row_border_radius=&#8221;none&#8221; row_border_radius_applies=&#8221;bg&#8221; overflow=&#8221;visible&#8221; overlay_strength=&#8221;0.3&#8243; gradient_direction=&#8221;left_to_right&#8221; shape_divider_position=&#8221;bottom&#8221; bg_image_animation=&#8221;none&#8221;][vc_column column_padding=&#8221;no-extra-padding&#8221; column_padding_tablet=&#8221;inherit&#8221; column_padding_phone=&#8221;inherit&#8221; column_padding_position=&#8221;all&#8221; column_element_direction_desktop=&#8221;default&#8221; column_element_spacing=&#8221;default&#8221; desktop_text_alignment=&#8221;default&#8221; tablet_text_alignment=&#8221;default&#8221; phone_text_alignment=&#8221;default&#8221; background_color_opacity=&#8221;1&#8243; background_hover_color_opacity=&#8221;1&#8243; column_backdrop_filter=&#8221;none&#8221; column_shadow=&#8221;none&#8221; column_border_radius=&#8221;none&#8221; column_link_target=&#8221;_self&#8221; column_position=&#8221;default&#8221; gradient_direction=&#8221;left_to_right&#8221; overlay_strength=&#8221;0.3&#8243; width=&#8221;1\/1&#8243; tablet_width_inherit=&#8221;default&#8221; animation_type=&#8221;default&#8221; bg_image_animation=&#8221;none&#8221; border_type=&#8221;simple&#8221; column_border_width=&#8221;none&#8221; column_border_style=&#8221;solid&#8221;][vc_raw_html css=&#8221;&#8221;]JTNDaWZyYW1lJTIwc3JjJTNEJTIyaHR0cHMlM0ElMkYlMkZ3d3cuZ29vZ2xlLmNvbSUyRm1hcHMlMkZlbWJlZCUzRnBiJTNEJTIxMW0xOCUyMTFtMTIlMjExbTMlMjExZDMwMDguNjQyNTY5MDc1NzY2JTIxMmQyOC45OTg3MTMxJTIxM2Q0MS4wNTQ5NDQ4OTk5OTk5OTUlMjEybTMlMjExZjAlMjEyZjAlMjEzZjAlMjEzbTIlMjExaTEwMjQlMjEyaTc2OCUyMTRmMTMuMSUyMTNtMyUyMTFtMiUyMTFzMHg2M2MwNzk2OTFlMDUxZjZiJTI1M0EweDRkYjM5ZTBiM2UyOGY1NTMlMjEyenc0ZGhhOFN4YkNCRGJHbHVhV01nTFNCUGNDQkVjaUJVYjJ4bllTRERoMkZyeExGcyUyMTVlMCUyMTNtMiUyMTFzdHIlMjEyc3RyJTIxNHYxNzY3OTU5ODY3MTI2JTIxNW0yJTIxMXN0ciUyMTJzdHIlMjIlMjB3aWR0aCUzRCUyMjEwMDAlMjIlMjBoZWlnaHQlM0QlMjI0NTAlMjIlMjBzdHlsZSUzRCUyMmJvcmRlciUzQTAlM0IlMjIlMjBhbGxvd2Z1bGxzY3JlZW4lM0QlMjIlMjIlMjBsb2FkaW5nJTNEJTIybGF6eSUyMiUyMHJlZmVycmVycG9saWN5JTNEJTIybm8tcmVmZXJyZXItd2hlbi1kb3duZ3JhZGUlMjIlM0UlM0MlMkZpZnJhbWUlM0U=[\/vc_raw_html][\/vc_column][\/vc_row][vc_row type=&#8221;in_container&#8221; full_screen_row_position=&#8221;middle&#8221; column_margin=&#8221;90px&#8221; equal_height=&#8221;yes&#8221; content_placement=&#8221;middle&#8221; column_direction=&#8221;default&#8221; column_direction_tablet=&#8221;default&#8221; column_direction_phone=&#8221;default&#8221; scene_position=&#8221;center&#8221; constrain_group_1=&#8221;yes&#8221; text_color=&#8221;dark&#8221; text_align=&#8221;left&#8221; row_border_radius=&#8221;none&#8221; row_border_radius_applies=&#8221;bg&#8221; overflow=&#8221;visible&#8221; id=&#8221;about&#8221; overlay_strength=&#8221;0.3&#8243; gradient_direction=&#8221;left_to_right&#8221; shape_divider_position=&#8221;bottom&#8221; bg_image_animation=&#8221;none&#8221; shape_type=&#8221;&#8221; gradient_type=&#8221;default&#8221;][vc_column column_padding=&#8221;padding-5-percent&#8221; column_padding_tablet=&#8221;inherit&#8221; column_padding_phone=&#8221;inherit&#8221; column_padding_position=&#8221;all&#8221; column_element_direction_desktop=&#8221;default&#8221; column_element_spacing=&#8221;default&#8221; desktop_text_alignment=&#8221;default&#8221; tablet_text_alignment=&#8221;default&#8221; phone_text_alignment=&#8221;default&#8221; background_color_opacity=&#8221;1&#8243; background_hover_color_opacity=&#8221;1&#8243; column_backdrop_filter=&#8221;none&#8221; column_shadow=&#8221;none&#8221; column_border_radius=&#8221;none&#8221; column_link_target=&#8221;_self&#8221; column_position=&#8221;default&#8221; gradient_direction=&#8221;left_to_right&#8221; overlay_strength=&#8221;0.3&#8243; width=&#8221;1\/2&#8243; tablet_width_inherit=&#8221;default&#8221; animation_type=&#8221;default&#8221; bg_image_animation=&#8221;zoom-out-reveal&#8221; border_type=&#8221;simple&#8221; column_border_width=&#8221;none&#8221; column_border_style=&#8221;solid&#8221; column_padding_type=&#8221;default&#8221; gradient_type=&#8221;default&#8221;][image_with_animation image_url=&#8221;24&#8243; image_size=&#8221;portfolio-thumb_large&#8221; animation_type=&#8221;entrance&#8221; animation=&#8221;None&#8221; animation_movement_type=&#8221;transform_y&#8221; hover_animation=&#8221;none&#8221; alignment=&#8221;&#8221; border_radius=&#8221;none&#8221; box_shadow=&#8221;none&#8221; image_loading=&#8221;default&#8221; max_width=&#8221;100%&#8221; max_width_mobile=&#8221;default&#8221;][\/vc_column][vc_column column_padding=&#8221;padding-2-percent&#8221; column_padding_tablet=&#8221;inherit&#8221; column_padding_phone=&#8221;inherit&#8221; column_padding_position=&#8221;top-bottom&#8221; column_element_direction_desktop=&#8221;default&#8221; column_element_spacing=&#8221;default&#8221; desktop_text_alignment=&#8221;default&#8221; tablet_text_alignment=&#8221;default&#8221; phone_text_alignment=&#8221;default&#8221; background_color_opacity=&#8221;1&#8243; background_hover_color_opacity=&#8221;1&#8243; column_backdrop_filter=&#8221;none&#8221; column_shadow=&#8221;none&#8221; column_border_radius=&#8221;none&#8221; column_link_target=&#8221;_self&#8221; column_position=&#8221;default&#8221; gradient_direction=&#8221;left_to_right&#8221; overlay_strength=&#8221;0.3&#8243; width=&#8221;1\/2&#8243; tablet_width_inherit=&#8221;default&#8221; animation_type=&#8221;default&#8221; bg_image_animation=&#8221;none&#8221; border_type=&#8221;simple&#8221; column_border_width=&#8221;none&#8221; column_border_style=&#8221;solid&#8221;][vc_column_text css=&#8221;&#8221; text_direction=&#8221;default&#8221;]\n<h2>\u0130leti\u015fim<\/h2>\n[\/vc_column_text]\n<div class=\"wpcf7 no-js\" id=\"wpcf7-f2099-o1\" lang=\"tr-TR\" dir=\"ltr\" data-wpcf7-id=\"2099\">\n<div class=\"screen-reader-response\"><p role=\"status\" aria-live=\"polite\" aria-atomic=\"true\"><\/p> <ul><\/ul><\/div>\n<form action=\"\/tr\/wp-json\/wp\/v2\/pages\/2064#wpcf7-f2099-o1\" method=\"post\" class=\"wpcf7-form init\" aria-label=\"\u0130leti\u015fim Formu\" novalidate=\"novalidate\" data-status=\"init\">\n<div style=\"display: none;\">\n<input type=\"hidden\" name=\"_wpcf7\" value=\"2099\" \/>\n<input type=\"hidden\" name=\"_wpcf7_version\" value=\"6.0.2\" \/>\n<input type=\"hidden\" name=\"_wpcf7_locale\" value=\"tr_TR\" \/>\n<input type=\"hidden\" name=\"_wpcf7_unit_tag\" value=\"wpcf7-f2099-o1\" \/>\n<input type=\"hidden\" name=\"_wpcf7_container_post\" value=\"0\" \/>\n<input type=\"hidden\" name=\"_wpcf7_posted_data_hash\" value=\"\" \/>\n<\/div>\n<div style=\"display:inline-flex; flex-wrap:wrap; gap:16px; color:#b1acaa;\">\n\t<div style=\"display:flex; gap:16px;\">\n\t\t<div style=\"width: 100%; \">\n\t\t\t<p><span class=\"wpcf7-form-control-wrap\" data-name=\"ad\"><input size=\"40\" maxlength=\"400\" class=\"wpcf7-form-control wpcf7-text wpcf7-validates-as-required\" autocomplete=\"name\" aria-required=\"true\" aria-invalid=\"false\" placeholder=\"\u0130sim\" value=\"\" type=\"text\" name=\"ad\" \/><\/span>\n\t\t\t<\/p>\n\t\t<\/div>\n\t\t<div style=\"width: 100%;\">\n\t\t\t<p><span class=\"wpcf7-form-control-wrap\" data-name=\"mail\"><input size=\"40\" maxlength=\"400\" class=\"wpcf7-form-control wpcf7-email wpcf7-validates-as-required wpcf7-text wpcf7-validates-as-email\" autocomplete=\"email\" aria-required=\"true\" aria-invalid=\"false\" placeholder=\"E-mail\" value=\"\" type=\"email\" name=\"mail\" \/><\/span>\n\t\t\t<\/p>\n\t\t<\/div>\n\t<\/div>\n\t<div style=\"width: 100%;\">\n\t\t<p><span class=\"wpcf7-form-control-wrap\" data-name=\"tel-540\"><input size=\"40\" maxlength=\"400\" class=\"wpcf7-form-control wpcf7-tel wpcf7-validates-as-required wpcf7-text wpcf7-validates-as-tel\" aria-required=\"true\" aria-invalid=\"false\" placeholder=\"Telefon Numaras\u0131\" value=\"\" type=\"tel\" name=\"tel-540\" \/><\/span>\n\t\t<\/p>\n\t<\/div>\n\t<div style=\"width: 100%;\">\n\t\t<p><span class=\"wpcf7-form-control-wrap\" data-name=\"menu-51\"><select class=\"wpcf7-form-control wpcf7-select wpcf7-validates-as-required\" aria-required=\"true\" aria-invalid=\"false\" name=\"menu-51\"><option value=\"\">Hangi tedaviyle ilgileniyorsunuz?<\/option><option value=\"Primer Rinoplasti\">Primer Rinoplasti<\/option><option value=\"Etnik Rinoplasti\">Etnik Rinoplasti<\/option><option value=\"Revizyon burun esteti\u011fi\">Revizyon burun esteti\u011fi<\/option><option value=\"Endoskopik tilki g\u00f6zleri\">Endoskopik tilki g\u00f6zleri<\/option><option value=\"Endoskopik orta y\u00fcz germe\">Endoskopik orta y\u00fcz germe<\/option><\/select><\/span>\n\t\t<\/p>\n\t<\/div>\n\t<p><input class=\"wpcf7-form-control wpcf7-submit has-spinner\" type=\"submit\" value=\"G\u00f6nder\" \/>\n\t<\/p>\n<\/div><div class=\"wpcf7-response-output\" aria-hidden=\"true\"><\/div>\n<\/form>\n<\/div>\n[\/vc_column][\/vc_row]\n","protected":false},"excerpt":{"rendered":"<p>[vc_row type=&#8221;in_container&#8221; full_screen_row_position=&#8221;middle&#8221; column_margin=&#8221;default&#8221; column_direction=&#8221;default&#8221; column_direction_tablet=&#8221;default&#8221; column_direction_phone=&#8221;default&#8221; scene_position=&#8221;center&#8221; text_color=&#8221;dark&#8221; text_align=&#8221;left&#8221; row_border_radius=&#8221;none&#8221; row_border_radius_applies=&#8221;bg&#8221; overflow=&#8221;visible&#8221; overlay_strength=&#8221;0.3&#8243; gradient_direction=&#8221;left_to_right&#8221; shape_divider_position=&#8221;bottom&#8221; bg_image_animation=&#8221;none&#8221;][vc_column column_padding=&#8221;no-extra-padding&#8221; column_padding_tablet=&#8221;inherit&#8221; column_padding_phone=&#8221;inherit&#8221; column_padding_position=&#8221;all&#8221; column_element_direction_desktop=&#8221;default&#8221; column_element_spacing=&#8221;default&#8221; desktop_text_alignment=&#8221;default&#8221; tablet_text_alignment=&#8221;default&#8221; phone_text_alignment=&#8221;default&#8221; background_color_opacity=&#8221;1&#8243; background_hover_color_opacity=&#8221;1&#8243; column_backdrop_filter=&#8221;none&#8221; column_shadow=&#8221;none&#8221;&#8230;<\/p>\n","protected":false},"author":1,"featured_media":2055,"parent":0,"menu_order":0,"comment_status":"closed","ping_status":"closed","template":"","meta":{"_joinchat":[],"footnotes":""},"class_list":["post-2064","page","type-page","status-publish","has-post-thumbnail"],"yoast_head":"<!-- This site is optimized with the Yoast SEO plugin v24.2 - https:\/\/yoast.com\/wordpress\/plugins\/seo\/ -->\n<title>\u0130leti\u015fim - Dr. Tolga \u00c7ak\u0131l<\/title>\n<meta name=\"description\" content=\"Dr.Tolga \u00c7ak\u0131l Avrupa Triple Board Sertifikal\u0131 KBB Cerrah\u0131d\u0131r -Endoskopik Fox Eyes \u2013 Temporal Lift.-\u2013 \u0130leti\u015fim\" \/>\n<meta name=\"robots\" content=\"index, follow, max-snippet:-1, max-image-preview:large, max-video-preview:-1\" \/>\n<link rel=\"canonical\" href=\"https:\/\/drtolgacakil.com\/de\/kontakt\/\" \/>\n<meta property=\"og:locale\" content=\"tr_TR\" \/>\n<meta property=\"og:type\" content=\"article\" \/>\n<meta property=\"og:title\" content=\"\u0130leti\u015fim - Dr. Tolga \u00c7ak\u0131l\" \/>\n<meta property=\"og:description\" content=\"Dr.Tolga \u00c7ak\u0131l Avrupa Triple Board Sertifikal\u0131 KBB Cerrah\u0131d\u0131r -Endoskopik Fox Eyes \u2013 Temporal Lift.-\u2013 \u0130leti\u015fim\" \/>\n<meta property=\"og:url\" content=\"https:\/\/drtolgacakil.com\/de\/kontakt\/\" \/>\n<meta property=\"og:site_name\" content=\"Dr. Tolga \u00c7ak\u0131l\" \/>\n<meta property=\"article:modified_time\" content=\"2026-01-09T11:58:01+00:00\" \/>\n<meta property=\"og:image\" content=\"https:\/\/drtolgacakil.com\/wp-content\/uploads\/2024\/10\/17.webp\" \/>\n\t<meta property=\"og:image:width\" content=\"600\" \/>\n\t<meta property=\"og:image:height\" content=\"900\" \/>\n\t<meta property=\"og:image:type\" content=\"image\/webp\" \/>\n<meta name=\"twitter:card\" content=\"summary_large_image\" \/>\n<meta name=\"twitter:label1\" content=\"Tahmini okuma s\u00fcresi\" \/>\n\t<meta name=\"twitter:data1\" content=\"1 dakika\" \/>\n<script type=\"application\/ld+json\" class=\"yoast-schema-graph\">{\"@context\":\"https:\/\/schema.org\",\"@graph\":[{\"@type\":\"WebPage\",\"@id\":\"https:\/\/drtolgacakil.com\/de\/kontakt\/\",\"url\":\"https:\/\/drtolgacakil.com\/de\/kontakt\/\",\"name\":\"\u0130leti\u015fim - Dr. Tolga \u00c7ak\u0131l\",\"isPartOf\":{\"@id\":\"https:\/\/drtolgacakil.com\/#website\"},\"primaryImageOfPage\":{\"@id\":\"https:\/\/drtolgacakil.com\/de\/kontakt\/#primaryimage\"},\"image\":{\"@id\":\"https:\/\/drtolgacakil.com\/de\/kontakt\/#primaryimage\"},\"thumbnailUrl\":\"https:\/\/drtolgacakil.com\/wp-content\/uploads\/2024\/10\/17.webp\",\"datePublished\":\"2024-10-31T14:02:17+00:00\",\"dateModified\":\"2026-01-09T11:58:01+00:00\",\"description\":\"Dr.Tolga \u00c7ak\u0131l Avrupa Triple Board Sertifikal\u0131 KBB Cerrah\u0131d\u0131r -Endoskopik Fox Eyes \u2013 Temporal Lift.-\u2013 \u0130leti\u015fim\",\"breadcrumb\":{\"@id\":\"https:\/\/drtolgacakil.com\/de\/kontakt\/#breadcrumb\"},\"inLanguage\":\"tr\",\"potentialAction\":[{\"@type\":\"ReadAction\",\"target\":[\"https:\/\/drtolgacakil.com\/de\/kontakt\/\"]}]},{\"@type\":\"ImageObject\",\"inLanguage\":\"tr\",\"@id\":\"https:\/\/drtolgacakil.com\/de\/kontakt\/#primaryimage\",\"url\":\"https:\/\/drtolgacakil.com\/wp-content\/uploads\/2024\/10\/17.webp\",\"contentUrl\":\"https:\/\/drtolgacakil.com\/wp-content\/uploads\/2024\/10\/17.webp\",\"width\":600,\"height\":900},{\"@type\":\"BreadcrumbList\",\"@id\":\"https:\/\/drtolgacakil.com\/de\/kontakt\/#breadcrumb\",\"itemListElement\":[{\"@type\":\"ListItem\",\"position\":1,\"name\":\"Anasayfa\",\"item\":\"https:\/\/drtolgacakil.com\/de\/\"},{\"@type\":\"ListItem\",\"position\":2,\"name\":\"\u0130leti\u015fim\"}]},{\"@type\":\"WebSite\",\"@id\":\"https:\/\/drtolgacakil.com\/#website\",\"url\":\"https:\/\/drtolgacakil.com\/\",\"name\":\"Dr. Tolga \u00c7ak\u0131l\",\"description\":\"\",\"potentialAction\":[{\"@type\":\"SearchAction\",\"target\":{\"@type\":\"EntryPoint\",\"urlTemplate\":\"https:\/\/drtolgacakil.com\/?s={search_term_string}\"},\"query-input\":{\"@type\":\"PropertyValueSpecification\",\"valueRequired\":true,\"valueName\":\"search_term_string\"}}],\"inLanguage\":\"tr\"}]}<\/script>\n<!-- \/ Yoast SEO plugin. -->","yoast_head_json":{"title":"\u0130leti\u015fim - Dr. Tolga \u00c7ak\u0131l","description":"Dr.Tolga \u00c7ak\u0131l Avrupa Triple Board Sertifikal\u0131 KBB Cerrah\u0131d\u0131r -Endoskopik Fox Eyes \u2013 Temporal Lift.-\u2013 \u0130leti\u015fim","robots":{"index":"index","follow":"follow","max-snippet":"max-snippet:-1","max-image-preview":"max-image-preview:large","max-video-preview":"max-video-preview:-1"},"canonical":"https:\/\/drtolgacakil.com\/de\/kontakt\/","og_locale":"tr_TR","og_type":"article","og_title":"\u0130leti\u015fim - Dr. Tolga \u00c7ak\u0131l","og_description":"Dr.Tolga \u00c7ak\u0131l Avrupa Triple Board Sertifikal\u0131 KBB Cerrah\u0131d\u0131r -Endoskopik Fox Eyes \u2013 Temporal Lift.-\u2013 \u0130leti\u015fim","og_url":"https:\/\/drtolgacakil.com\/de\/kontakt\/","og_site_name":"Dr. Tolga \u00c7ak\u0131l","article_modified_time":"2026-01-09T11:58:01+00:00","og_image":[{"width":600,"height":900,"url":"https:\/\/drtolgacakil.com\/wp-content\/uploads\/2024\/10\/17.webp","type":"image\/webp"}],"twitter_card":"summary_large_image","twitter_misc":{"Tahmini okuma s\u00fcresi":"1 dakika"},"schema":{"@context":"https:\/\/schema.org","@graph":[{"@type":"WebPage","@id":"https:\/\/drtolgacakil.com\/de\/kontakt\/","url":"https:\/\/drtolgacakil.com\/de\/kontakt\/","name":"\u0130leti\u015fim - Dr. Tolga \u00c7ak\u0131l","isPartOf":{"@id":"https:\/\/drtolgacakil.com\/#website"},"primaryImageOfPage":{"@id":"https:\/\/drtolgacakil.com\/de\/kontakt\/#primaryimage"},"image":{"@id":"https:\/\/drtolgacakil.com\/de\/kontakt\/#primaryimage"},"thumbnailUrl":"https:\/\/drtolgacakil.com\/wp-content\/uploads\/2024\/10\/17.webp","datePublished":"2024-10-31T14:02:17+00:00","dateModified":"2026-01-09T11:58:01+00:00","description":"Dr.Tolga \u00c7ak\u0131l Avrupa Triple Board Sertifikal\u0131 KBB Cerrah\u0131d\u0131r -Endoskopik Fox Eyes \u2013 Temporal Lift.-\u2013 \u0130leti\u015fim","breadcrumb":{"@id":"https:\/\/drtolgacakil.com\/de\/kontakt\/#breadcrumb"},"inLanguage":"tr","potentialAction":[{"@type":"ReadAction","target":["https:\/\/drtolgacakil.com\/de\/kontakt\/"]}]},{"@type":"ImageObject","inLanguage":"tr","@id":"https:\/\/drtolgacakil.com\/de\/kontakt\/#primaryimage","url":"https:\/\/drtolgacakil.com\/wp-content\/uploads\/2024\/10\/17.webp","contentUrl":"https:\/\/drtolgacakil.com\/wp-content\/uploads\/2024\/10\/17.webp","width":600,"height":900},{"@type":"BreadcrumbList","@id":"https:\/\/drtolgacakil.com\/de\/kontakt\/#breadcrumb","itemListElement":[{"@type":"ListItem","position":1,"name":"Anasayfa","item":"https:\/\/drtolgacakil.com\/de\/"},{"@type":"ListItem","position":2,"name":"\u0130leti\u015fim"}]},{"@type":"WebSite","@id":"https:\/\/drtolgacakil.com\/#website","url":"https:\/\/drtolgacakil.com\/","name":"Dr. Tolga \u00c7ak\u0131l","description":"","potentialAction":[{"@type":"SearchAction","target":{"@type":"EntryPoint","urlTemplate":"https:\/\/drtolgacakil.com\/?s={search_term_string}"},"query-input":{"@type":"PropertyValueSpecification","valueRequired":true,"valueName":"search_term_string"}}],"inLanguage":"tr"}]}},"_links":{"self":[{"href":"https:\/\/drtolgacakil.com\/tr\/wp-json\/wp\/v2\/pages\/2064","targetHints":{"allow":["GET"]}}],"collection":[{"href":"https:\/\/drtolgacakil.com\/tr\/wp-json\/wp\/v2\/pages"}],"about":[{"href":"https:\/\/drtolgacakil.com\/tr\/wp-json\/wp\/v2\/types\/page"}],"author":[{"embeddable":true,"href":"https:\/\/drtolgacakil.com\/tr\/wp-json\/wp\/v2\/users\/1"}],"replies":[{"embeddable":true,"href":"https:\/\/drtolgacakil.com\/tr\/wp-json\/wp\/v2\/comments?post=2064"}],"version-history":[{"count":5,"href":"https:\/\/drtolgacakil.com\/tr\/wp-json\/wp\/v2\/pages\/2064\/revisions"}],"predecessor-version":[{"id":3474,"href":"https:\/\/drtolgacakil.com\/tr\/wp-json\/wp\/v2\/pages\/2064\/revisions\/3474"}],"wp:featuredmedia":[{"embeddable":true,"href":"https:\/\/drtolgacakil.com\/tr\/wp-json\/wp\/v2\/media\/2055"}],"wp:attachment":[{"href":"https:\/\/drtolgacakil.com\/tr\/wp-json\/wp\/v2\/media?parent=2064"}],"curies":[{"name":"wp","href":"https:\/\/api.w.org\/{rel}","templated":true}]}}